{"id":16084,"date":"2023-02-03T20:12:26","date_gmt":"2023-02-03T20:12:26","guid":{"rendered":"https:\/\/buyxpress.com\/pe\/producto\/adidas-mens-tiro-21-pants-medium-team-grey-four\/"},"modified":"2023-02-03T20:12:26","modified_gmt":"2023-02-03T20:12:26","slug":"adidas-mens-tiro-21-pants-medium-team-grey-four","status":"publish","type":"product","link":"https:\/\/buyxpress.com\/pe\/producto\/adidas-mens-tiro-21-pants-medium-team-grey-four\/","title":{"rendered":"adidas Men&#8217;s Tiro &#8217;21 Pants Medium Team Grey Four"},"content":{"rendered":"<p>Soccer style that lives on or off the field. These men&#8217;s track pants have bold 3-Stripes on the leg and an adidas Badge of Sport on the hip to help you stand out. Ankle zips make it easy to get them on or off over your sneakers, and front zip pockets can hold your essentials.<\/p>\n<p>El estilo del f\u00fatbol que vive dentro o fuera del campo. Para ayudarte a destacar, estos pantalones deportivos para hombre tienen las 3 rayas de la marca en las piernas y el logo de Adidas en la cadera. Las cremalleras del tobillo hacen que sea f\u00e1cil ponerlos o quitarlos por encima de tus tenis y los bolsillos delanteros con cremallera pueden almacenar tus art\u00edculos esenciales.<\/p>\n<p>Fu\u00dfball-Stil, der auf oder abseits des Spielfeldes lebt. Diese Trainingshose f\u00fcr Herren hat auff\u00e4llige 3-Streifen am Bein und ein Adidas-Logo auf der H\u00fcfte, damit Sie auffallen. Kn\u00f6chelrei\u00dfverschl\u00fcsse machen es einfach, sie \u00fcber Ihre Turnschuhe an- oder auszuziehen, und Fronttaschen mit Rei\u00dfverschluss bieten Platz f\u00fcr Ihre wichtigen Dinge.<\/p>\n<p>\u05e1\u05d2\u05e0\u05d5\u05df \u05db\u05d3\u05d5\u05e8\u05d2\u05dc \u05e9\u05d7\u05d9 \u05e2\u05dc \u05d4\u05de\u05d2\u05e8\u05e9 \u05d0\u05d5 \u05de\u05d7\u05d5\u05e6\u05d4 \u05dc\u05d5. \u05dc\u05de\u05db\u05e0\u05e1\u05d9 \u05de\u05e1\u05dc\u05d5\u05dc \u05d0\u05dc\u05d4 \u05dc\u05d2\u05d1\u05e8\u05d9\u05dd \u05d9\u05e9 3 \u05e4\u05e1\u05d9\u05dd \u05e0\u05d5\u05e2\u05d6\u05d9\u05dd \u05e2\u05dc \u05d4\u05e8\u05d2\u05dc \u05d5\u05ea\u05d2 \u05d4\u05e1\u05e4\u05d5\u05e8\u05d8 \u05e9\u05dc \u05d0\u05d3\u05d9\u05d3\u05e1 \u05e2\u05dc \u05d4\u05d9\u05e8\u05da \u05db\u05d3\u05d9 \u05dc\u05e2\u05d6\u05d5\u05e8 \u05dc\u05da \u05dc\u05d4\u05ea\u05d1\u05dc\u05d8. \u05e8\u05d5\u05db\u05e1\u05e0\u05d9 \u05e7\u05e8\u05e1\u05d5\u05dc \u05de\u05e7\u05dc\u05d9\u05dd \u05e2\u05dc \u05d4\u05e0\u05e2\u05d9\u05dc\u05d4 \u05d5\u05d4\u05d4\u05e1\u05e8\u05d4 \u05de\u05e2\u05dc \u05e0\u05e2\u05dc\u05d9 \u05d4\u05e1\u05e4\u05d5\u05e8\u05d8 \u05e9\u05dc\u05db\u05dd, \u05d5\u05db\u05d9\u05e1\u05d9\u05dd \u05e7\u05d3\u05de\u05d9\u05d9\u05dd \u05e2\u05dd \u05e8\u05d5\u05db\u05e1\u05df \u05d9\u05db\u05d5\u05dc\u05d9\u05dd \u05dc\u05d4\u05d7\u05d6\u05d9\u05e7 \u05d0\u05ea \u05d4\u05e4\u05e8\u05d9\u05d8\u05d9\u05dd \u05d4\u05d7\u05d9\u05d5\u05e0\u05d9\u05d9\u05dd \u05e9\u05dc\u05db\u05dd.<\/p>\n<p>\u0646\u0645\u0637 \u0643\u0631\u0629 \u0627\u0644\u0642\u062f\u0645 \u0627\u0644\u0630\u064a \u064a\u0639\u064a\u0634 \u062f\u0627\u062e\u0644 \u0627\u0644\u0645\u0644\u0639\u0628 \u0623\u0648 \u062e\u0627\u0631\u062c\u0647. \u062a\u062d\u062a\u0648\u064a \u0647\u0630\u0647 \u0627\u0644\u0633\u0631\u0627\u0648\u064a\u0644 \u0627\u0644\u0631\u064a\u0627\u0636\u064a\u0629 \u0644\u0644\u0631\u062c\u0627\u0644 \u0639\u0644\u0649 3 \u062e\u0637\u0648\u0637 \u062c\u0631\u064a\u0626\u0629 \u0639\u0644\u0649 \u0627\u0644\u0633\u0627\u0642 \u0648\u0634\u0627\u0631\u0629 \u0627\u062f\u064a\u062f\u0627\u0633 \u0627\u0644\u0631\u064a\u0627\u0636\u064a\u0629 \u0639\u0644\u0649 \u0627\u0644\u0648\u0631\u0643 \u0644\u0645\u0633\u0627\u0639\u062f\u062a\u0643 \u0639\u0644\u0649 \u0627\u0644\u062a\u0645\u064a\u0632. \u0633\u062d\u0627\u0628\u0627\u062a \u0627\u0644\u0643\u0627\u062d\u0644 \u062a\u062c\u0639\u0644 \u0645\u0646 \u0627\u0644\u0633\u0647\u0644 \u0627\u0631\u062a\u062f\u0627\u0624\u0647\u0627 \u0623\u0648 \u062e\u0644\u0639\u0647\u0627 \u0641\u0648\u0642 \u062d\u0630\u0627\u0626\u0643 \u0627\u0644\u0631\u064a\u0627\u0636\u064a\u060c \u0648\u064a\u0645\u0643\u0646 \u0644\u0644\u062c\u064a\u0648\u0628 \u0627\u0644\u0623\u0645\u0627\u0645\u064a\u0629 \u0627\u0644\u0645\u0632\u0648\u062f\u0629 \u0628\u0633\u062d\u0627\u0628 \u062d\u0645\u0644 \u0636\u0631\u0648\u0631\u064a\u0627\u062a\u0643.<\/p>\n<p>Estilo de futebol que vive dentro ou fora do campo. Estas cal\u00e7as masculinas t\u00eam 3 listras ousadas na perna e um emblema esportivo Adidas no quadril para ajudar voc\u00ea a se destacar. Z\u00edperes de tornozelo facilitam colocar ou tirar sobre seus t\u00eanis, e os bolsos frontais com z\u00edper podem guardar seus itens essenciais.<\/p>\n<p>\u8db3\u7403\u98ce\u683c,\u9002\u5408\u5728\u573a\u5185\u5916\u7a7f\u7740\u3002 \u8fd9\u6b3e\u7537\u5f0f\u8fd0\u52a8\u88e4\u7684\u817f\u90e8\u6709\u5927\u80c6\u7684 3 \u6761\u7eb9,\u81c0\u90e8\u6709 adidas \u963f\u8fea\u8fbe\u65af\u8fd0\u52a8\u5fbd\u7ae0,\u5e2e\u52a9\u60a8\u8131\u9896\u800c\u51fa\u3002 \u811a\u8e1d\u62c9\u94fe\u65b9\u4fbf\u7a7f\u8131\u3002 \u6b63\u9762\u62c9\u94fe\u53e3\u888b\u53ef\u4ee5\u88c5\u4e0b\u60a8\u7684\u5fc5\u9700\u54c1\u3002<\/p>\n<p>\u8db3\u7403\u98a8\u683c\u751f\u6d3b\u5728\u7403\u5834\u6216\u5834\u5916\u3002 \u9019\u6b3e\u7537\u58eb\u904b\u52d5\u8932\u7684\u817f\u4e0a\u6709\u5927\u81bd\u7684 3 \u689d\u689d\u7d0b,\u81c0\u90e8\u6709 adidas Sport \u5fbd\u7ae0,\u5e6b\u52a9\u60a8\u812b\u7a4e\u800c\u51fa\u3002 \u8173\u8e1d\u62c9\u934a\u53ef\u8b93\u60a8\u8f15\u9b06\u7a7f\u812b\u904b\u52d5\u978b,\u800c\u6b63\u9762\u62c9\u934a\u53e3\u888b\u53ef\u4ee5\u5bb9\u7d0d\u60a8\u7684\u5fc5\u9700\u54c1\u3002 \u200b<\/p>\n<p>\ud544\ub4dc \uc548\ud30e\uc5d0\uc11c \uc0ac\ub294 \ucd95\uad6c \uc2a4\ud0c0\uc77c. \uc774 \ub0a8\uc131\uc6a9 \ud2b8\ub799 \ud32c\uce20\ub294 \ub2e4\ub9ac\uc5d0 \ub300\ub2f4\ud55c 3\uc904\ubb34\ub2ac\uac00 \uc788\uc73c\uba70 \uc5c9\ub369\uc774\uc5d0 \uc544\ub514\ub2e4\uc2a4 \uc2a4\ud3ec\uce20 \ubc30\uc9c0\uac00 \uc788\uc5b4 \ub208\uc5d0 \ub744\uac8c \ud574\uc90d\ub2c8\ub2e4. \ubc1c\ubaa9 \uc9c0\ud37c\ub85c \uc2a4\ub2c8\ucee4\uc988 \uc704\uc5d0 \uc27d\uac8c \uc2e0\uace0 \ubc97\uc744 \uc218 \uc788\uc73c\uba70 \uc804\uba74 \uc9c0\ud37c \ud3ec\ucf13\uc5d0\ub294 \ud544\uc218\ud488\uc744 \ubcf4\uad00\ud560 \uc218 \uc788\uc2b5\ub2c8\ub2e4.<\/p>\n","protected":false},"excerpt":{"rendered":"<p>Soccer style that lives on or off the field. These men&#8217;s track pants have bold 3-Stripes on the leg and an adidas Badge of Sport on the hip to help<\/p>\n","protected":false},"featured_media":0,"comment_status":"open","ping_status":"closed","template":"","meta":{"_acf_changed":false,"rank_math_lock_modified_date":false},"product_cat":[15],"product_tag":[],"acf":[],"_links":{"self":[{"href":"https:\/\/buyxpress.com\/pe\/wp-json\/wp\/v2\/product\/16084"}],"collection":[{"href":"https:\/\/buyxpress.com\/pe\/wp-json\/wp\/v2\/product"}],"about":[{"href":"https:\/\/buyxpress.com\/pe\/wp-json\/wp\/v2\/types\/product"}],"replies":[{"embeddable":true,"href":"https:\/\/buyxpress.com\/pe\/wp-json\/wp\/v2\/comments?post=16084"}],"wp:attachment":[{"href":"https:\/\/buyxpress.com\/pe\/wp-json\/wp\/v2\/media?parent=16084"}],"wp:term":[{"taxonomy":"product_cat","embeddable":true,"href":"https:\/\/buyxpress.com\/pe\/wp-json\/wp\/v2\/product_cat?post=16084"},{"taxonomy":"product_tag","embeddable":true,"href":"https:\/\/buyxpress.com\/pe\/wp-json\/wp\/v2\/product_tag?post=16084"}],"curies":[{"name":"wp","href":"https:\/\/api.w.org\/{rel}","templated":true}]}}