{"id":16167,"date":"2023-02-03T22:34:53","date_gmt":"2023-02-03T22:34:53","guid":{"rendered":"https:\/\/buyxpress.com\/pe\/producto\/skin-whitening-cream-bleaching-cream-for-intimate-area-underarm-knees-elbows-inner-thigh-bikini-line-armpit-parts-permanently-fade-body-dark-area-skin-without-recurrence-darkness-not-comes-bac\/"},"modified":"2023-02-03T22:34:53","modified_gmt":"2023-02-03T22:34:53","slug":"skin-whitening-cream-bleaching-cream-for-intimate-area-underarm-knees-elbows-inner-thigh-bikini-line-armpit-parts-permanently-fade-body-dark-area-skin-without-recurrence-darkness-not-comes-bac","status":"publish","type":"product","link":"https:\/\/buyxpress.com\/pe\/producto\/skin-whitening-cream-bleaching-cream-for-intimate-area-underarm-knees-elbows-inner-thigh-bikini-line-armpit-parts-permanently-fade-body-dark-area-skin-without-recurrence-darkness-not-comes-bac\/","title":{"rendered":"Skin Whitening Cream Bleaching Cream For Intimate Area, Underarm, Knees, Elbows, Inner Thigh, Bikini Line, Armpit Parts, Permanently Fade Body Dark Area Skin Without Recurrence, darkness Not Comes Back, Does Not Leave White Residue On Skin."},"content":{"rendered":"<p>Directions<\/p>\n<p>1.Clean and dry your skin.<\/p>\n<p>2. Apply a proper amount of the cream on desired area with your fingers, <\/p>\n<p>using a circular motion to massage the cream into the skin.<\/p>\n<p>3.Please apply it twice a day\uff08morning and evening\uff09<\/p>\n<p>Instrucciones \uff08Directions in Spanish\uff09<\/p>\n<p>1. Limpia y seca tu piel.<\/p>\n<p>2. Aplique una cantidad adecuada de la crema blanqueadora en el \u00e1rea deseada con los dedos,<\/p>\n<p>usando un movimiento circular para masajear la crema blanqueadora en la piel.<\/p>\n<p>3. Apl\u00edquelo dos veces al d\u00eda (ma\u00f1ana y noche)<\/p>\n<p>Crema blanqueadora para la piel Crema blanqueadora para la zona \u00edntima, las axilas, las rodillas, los codos, la parte interna del muslo, la l\u00ednea del bikini, las partes de las axilas, se desvanece permanentemente la piel del \u00e1rea oscura del cuerpo sin recurrencia, la oscuridad no vuelve, no deja residuos blancos en la piel.<\/p>\n","protected":false},"excerpt":{"rendered":"<p>Directions 1.Clean and dry your skin. 2. Apply a proper amount of the cream on desired area with your fingers, using a circular motion to massage the cream into the<\/p>\n","protected":false},"featured_media":0,"comment_status":"open","ping_status":"closed","template":"","meta":{"_acf_changed":false,"rank_math_lock_modified_date":false},"product_cat":[15],"product_tag":[],"acf":[],"_links":{"self":[{"href":"https:\/\/buyxpress.com\/pe\/wp-json\/wp\/v2\/product\/16167"}],"collection":[{"href":"https:\/\/buyxpress.com\/pe\/wp-json\/wp\/v2\/product"}],"about":[{"href":"https:\/\/buyxpress.com\/pe\/wp-json\/wp\/v2\/types\/product"}],"replies":[{"embeddable":true,"href":"https:\/\/buyxpress.com\/pe\/wp-json\/wp\/v2\/comments?post=16167"}],"wp:attachment":[{"href":"https:\/\/buyxpress.com\/pe\/wp-json\/wp\/v2\/media?parent=16167"}],"wp:term":[{"taxonomy":"product_cat","embeddable":true,"href":"https:\/\/buyxpress.com\/pe\/wp-json\/wp\/v2\/product_cat?post=16167"},{"taxonomy":"product_tag","embeddable":true,"href":"https:\/\/buyxpress.com\/pe\/wp-json\/wp\/v2\/product_tag?post=16167"}],"curies":[{"name":"wp","href":"https:\/\/api.w.org\/{rel}","templated":true}]}}