{"id":17036,"date":"2023-02-10T17:45:18","date_gmt":"2023-02-10T17:45:18","guid":{"rendered":"https:\/\/buyxpress.com\/pe\/producto\/psicologia-oscura-la-guia-definitiva-de-la-psicologia-oscura-un-nuevo-enfoque-de-la-persuasion-y-la-manipulacion-a-traves-de-las-mejores-tecnicas-pnl-y-lenguaje-corporal-spanish-edition\/"},"modified":"2023-02-10T17:45:18","modified_gmt":"2023-02-10T17:45:18","slug":"psicologia-oscura-la-guia-definitiva-de-la-psicologia-oscura-un-nuevo-enfoque-de-la-persuasion-y-la-manipulacion-a-traves-de-las-mejores-tecnicas-pnl-y-lenguaje-corporal-spanish-edition","status":"publish","type":"product","link":"https:\/\/buyxpress.com\/pe\/producto\/psicologia-oscura-la-guia-definitiva-de-la-psicologia-oscura-un-nuevo-enfoque-de-la-persuasion-y-la-manipulacion-a-traves-de-las-mejores-tecnicas-pnl-y-lenguaje-corporal-spanish-edition\/","title":{"rendered":"Psicolog\u00eda Oscura: La Gu\u00eda Definitiva de la Psicolog\u00eda Oscura, Un Nuevo Enfoque de la Persuasi\u00f3n y la Manipulaci\u00f3n a Trav\u00e9s de las Mejores T\u00e9cnicas &#8230; PNL y Lenguaje Corporal (Spanish Edition)"},"content":{"rendered":"<p>Publication date: September 28, 2022. Print length: 151 pages. Best Sellers Rank: See Top 100 in Books. Dimensions: 6 x 0.38 x 9 inches. Item Weight: 8.1 ounces. ISBN-13: 979-8355109509. Paperback: 151 pages. Language: Spanish. Publisher: Independently published (September 28, 2022). ASIN: B0BGNLK2BK.<\/p>\n","protected":false},"excerpt":{"rendered":"<p>Publication date: September 28, 2022. Print length: 151 pages. Best Sellers Rank: See Top 100 in Books. Dimensions: 6 x 0.38 x 9 inches. Item Weight: 8.1 ounces. ISBN-13: 979-8355109509.<\/p>\n","protected":false},"featured_media":0,"comment_status":"open","ping_status":"closed","template":"","meta":{"_acf_changed":false,"rank_math_lock_modified_date":false},"product_cat":[15],"product_tag":[],"acf":[],"_links":{"self":[{"href":"https:\/\/buyxpress.com\/pe\/wp-json\/wp\/v2\/product\/17036"}],"collection":[{"href":"https:\/\/buyxpress.com\/pe\/wp-json\/wp\/v2\/product"}],"about":[{"href":"https:\/\/buyxpress.com\/pe\/wp-json\/wp\/v2\/types\/product"}],"replies":[{"embeddable":true,"href":"https:\/\/buyxpress.com\/pe\/wp-json\/wp\/v2\/comments?post=17036"}],"wp:attachment":[{"href":"https:\/\/buyxpress.com\/pe\/wp-json\/wp\/v2\/media?parent=17036"}],"wp:term":[{"taxonomy":"product_cat","embeddable":true,"href":"https:\/\/buyxpress.com\/pe\/wp-json\/wp\/v2\/product_cat?post=17036"},{"taxonomy":"product_tag","embeddable":true,"href":"https:\/\/buyxpress.com\/pe\/wp-json\/wp\/v2\/product_tag?post=17036"}],"curies":[{"name":"wp","href":"https:\/\/api.w.org\/{rel}","templated":true}]}}