{"id":20988,"date":"2023-05-06T05:01:59","date_gmt":"2023-05-06T05:01:59","guid":{"rendered":"https:\/\/buyxpress.com\/pe\/producto\/pasiones-prohibidas-de-mi-pasado-oferta-especial-3-en-1-la-coleccion-complet\/"},"modified":"2025-05-06T03:35:12","modified_gmt":"2025-05-06T03:35:12","slug":"pasiones-prohibidas-de-mi-pasado-oferta-especial-3-en-1-la-coleccion-complet","status":"publish","type":"product","link":"https:\/\/buyxpress.com\/pe\/producto\/pasiones-prohibidas-de-mi-pasado-oferta-especial-3-en-1-la-coleccion-complet\/","title":{"rendered":"Pasiones Prohibidas De Mi Pasado (Oferta Especial 3 en 1): La Colecci\u00f3n Complet&#8230;"},"content":{"rendered":"<p>Pasiones Prohibidas De Mi Pasado (Oferta Especial 3 en 1): La Colecci\u00f3n Completa de Libros de Novelas Rom\u00e1nticas en Espa\u00f1ol. Una Novela Rom\u00e1ntica en &#8230; que no podr\u00e1s parar de leer (Spanish Edition)<\/p>\n","protected":false},"excerpt":{"rendered":"<p>Pasiones Prohibidas De Mi Pasado (Oferta Especial 3 en 1): La Colecci\u00f3n Completa de Libros de Novelas Rom\u00e1nticas en Espa\u00f1ol. Una Novela Rom\u00e1ntica en &#8230; que no podr\u00e1s parar de<\/p>\n","protected":false},"featured_media":20989,"comment_status":"open","ping_status":"closed","template":"","meta":{"_acf_changed":false,"rank_math_lock_modified_date":false},"product_cat":[356],"product_tag":[],"acf":[],"_links":{"self":[{"href":"https:\/\/buyxpress.com\/pe\/wp-json\/wp\/v2\/product\/20988"}],"collection":[{"href":"https:\/\/buyxpress.com\/pe\/wp-json\/wp\/v2\/product"}],"about":[{"href":"https:\/\/buyxpress.com\/pe\/wp-json\/wp\/v2\/types\/product"}],"replies":[{"embeddable":true,"href":"https:\/\/buyxpress.com\/pe\/wp-json\/wp\/v2\/comments?post=20988"}],"wp:featuredmedia":[{"embeddable":true,"href":"https:\/\/buyxpress.com\/pe\/wp-json\/wp\/v2\/media\/20989"}],"wp:attachment":[{"href":"https:\/\/buyxpress.com\/pe\/wp-json\/wp\/v2\/media?parent=20988"}],"wp:term":[{"taxonomy":"product_cat","embeddable":true,"href":"https:\/\/buyxpress.com\/pe\/wp-json\/wp\/v2\/product_cat?post=20988"},{"taxonomy":"product_tag","embeddable":true,"href":"https:\/\/buyxpress.com\/pe\/wp-json\/wp\/v2\/product_tag?post=20988"}],"curies":[{"name":"wp","href":"https:\/\/api.w.org\/{rel}","templated":true}]}}