{"id":20992,"date":"2023-05-06T05:02:00","date_gmt":"2023-05-06T05:02:00","guid":{"rendered":"https:\/\/buyxpress.com\/pe\/producto\/profundamente-violeta-oferta-especial-3-en-1-la-coleccion-completa-de-libro\/"},"modified":"2024-10-03T06:39:42","modified_gmt":"2024-10-03T06:39:42","slug":"profundamente-violeta-oferta-especial-3-en-1-la-coleccion-completa-de-libro","status":"publish","type":"product","link":"https:\/\/buyxpress.com\/pe\/producto\/profundamente-violeta-oferta-especial-3-en-1-la-coleccion-completa-de-libro\/","title":{"rendered":"Profundamente Violeta (Oferta Especial 3 en 1) : La Colecci\u00f3n Completa de Libro&#8230;"},"content":{"rendered":"<p>Profundamente Violeta (Oferta Especial 3 en 1) : La Colecci\u00f3n Completa de Libros de Novelas Rom\u00e1nticas en Espa\u00f1ol. Una Novela Rom\u00e1ntica de Mercedes Franco (Spanish Edition)<\/p>\n","protected":false},"excerpt":{"rendered":"<p>Profundamente Violeta (Oferta Especial 3 en 1) : La Colecci\u00f3n Completa de Libros de Novelas Rom\u00e1nticas en Espa\u00f1ol. Una Novela Rom\u00e1ntica de Mercedes Franco (Spanish Edition)<\/p>\n","protected":false},"featured_media":20993,"comment_status":"open","ping_status":"closed","template":"","meta":{"_acf_changed":false,"rank_math_lock_modified_date":false},"product_cat":[356],"product_tag":[],"acf":[],"_links":{"self":[{"href":"https:\/\/buyxpress.com\/pe\/wp-json\/wp\/v2\/product\/20992"}],"collection":[{"href":"https:\/\/buyxpress.com\/pe\/wp-json\/wp\/v2\/product"}],"about":[{"href":"https:\/\/buyxpress.com\/pe\/wp-json\/wp\/v2\/types\/product"}],"replies":[{"embeddable":true,"href":"https:\/\/buyxpress.com\/pe\/wp-json\/wp\/v2\/comments?post=20992"}],"wp:featuredmedia":[{"embeddable":true,"href":"https:\/\/buyxpress.com\/pe\/wp-json\/wp\/v2\/media\/20993"}],"wp:attachment":[{"href":"https:\/\/buyxpress.com\/pe\/wp-json\/wp\/v2\/media?parent=20992"}],"wp:term":[{"taxonomy":"product_cat","embeddable":true,"href":"https:\/\/buyxpress.com\/pe\/wp-json\/wp\/v2\/product_cat?post=20992"},{"taxonomy":"product_tag","embeddable":true,"href":"https:\/\/buyxpress.com\/pe\/wp-json\/wp\/v2\/product_tag?post=20992"}],"curies":[{"name":"wp","href":"https:\/\/api.w.org\/{rel}","templated":true}]}}