{"id":22753,"date":"2023-07-06T05:01:36","date_gmt":"2023-07-06T05:01:36","guid":{"rendered":"https:\/\/buyxpress.com\/pe\/producto\/secretos-inconfesables-oferta-especial-3-en-1-una-pasion-tan-peligrosa-que-po-2\/"},"modified":"2024-07-11T05:49:08","modified_gmt":"2024-07-11T05:49:08","slug":"secretos-inconfesables-oferta-especial-3-en-1-una-pasion-tan-peligrosa-que-po-2","status":"publish","type":"product","link":"https:\/\/buyxpress.com\/pe\/producto\/secretos-inconfesables-oferta-especial-3-en-1-una-pasion-tan-peligrosa-que-po-2\/","title":{"rendered":"Secretos Inconfesables (Oferta Especial 3 en 1) Una pasi\u00f3n tan peligrosa que po&#8230;"},"content":{"rendered":"<p>Secretos Inconfesables (Oferta Especial 3 en 1) Una pasi\u00f3n tan peligrosa que pocos se atrever\u00edan: La Colecci\u00f3n Completa de Libros de Ficci\u00f3n Hist\u00f3rica &#8230; (Novelas Rom\u00e1nticas) (Spanish Edition)<\/p>\n","protected":false},"excerpt":{"rendered":"<p>Secretos Inconfesables (Oferta Especial 3 en 1) Una pasi\u00f3n tan peligrosa que pocos se atrever\u00edan: La Colecci\u00f3n Completa de Libros de Ficci\u00f3n Hist\u00f3rica &#8230; (Novelas Rom\u00e1nticas) (Spanish Edition)<\/p>\n","protected":false},"featured_media":22754,"comment_status":"open","ping_status":"closed","template":"","meta":{"_acf_changed":false,"rank_math_lock_modified_date":false},"product_cat":[356],"product_tag":[],"acf":[],"_links":{"self":[{"href":"https:\/\/buyxpress.com\/pe\/wp-json\/wp\/v2\/product\/22753"}],"collection":[{"href":"https:\/\/buyxpress.com\/pe\/wp-json\/wp\/v2\/product"}],"about":[{"href":"https:\/\/buyxpress.com\/pe\/wp-json\/wp\/v2\/types\/product"}],"replies":[{"embeddable":true,"href":"https:\/\/buyxpress.com\/pe\/wp-json\/wp\/v2\/comments?post=22753"}],"wp:featuredmedia":[{"embeddable":true,"href":"https:\/\/buyxpress.com\/pe\/wp-json\/wp\/v2\/media\/22754"}],"wp:attachment":[{"href":"https:\/\/buyxpress.com\/pe\/wp-json\/wp\/v2\/media?parent=22753"}],"wp:term":[{"taxonomy":"product_cat","embeddable":true,"href":"https:\/\/buyxpress.com\/pe\/wp-json\/wp\/v2\/product_cat?post=22753"},{"taxonomy":"product_tag","embeddable":true,"href":"https:\/\/buyxpress.com\/pe\/wp-json\/wp\/v2\/product_tag?post=22753"}],"curies":[{"name":"wp","href":"https:\/\/api.w.org\/{rel}","templated":true}]}}