{"id":22757,"date":"2023-07-06T05:01:38","date_gmt":"2023-07-06T05:01:38","guid":{"rendered":"https:\/\/buyxpress.com\/pe\/producto\/amor-en-la-red-oferta-especial-3-en-1-caminos-cruzados-la-coleccion-completa\/"},"modified":"2025-03-23T03:19:19","modified_gmt":"2025-03-23T03:19:19","slug":"amor-en-la-red-oferta-especial-3-en-1-caminos-cruzados-la-coleccion-completa","status":"publish","type":"product","link":"https:\/\/buyxpress.com\/pe\/producto\/amor-en-la-red-oferta-especial-3-en-1-caminos-cruzados-la-coleccion-completa\/","title":{"rendered":"Amor en la Red (Oferta Especial 3 en 1) Caminos Cruzados: La Colecci\u00f3n Completa&#8230;"},"content":{"rendered":"<p>Amor en la Red (Oferta Especial 3 en 1) Caminos Cruzados: La Colecci\u00f3n Completa de Libros de Novelas Rom\u00e1nticas en Espa\u00f1ol. Una novela rom\u00e1ntica &#8230; de emociones explosivas. (Spanish Edition)<\/p>\n","protected":false},"excerpt":{"rendered":"<p>Amor en la Red (Oferta Especial 3 en 1) Caminos Cruzados: La Colecci\u00f3n Completa de Libros de Novelas Rom\u00e1nticas en Espa\u00f1ol. Una novela rom\u00e1ntica &#8230; de emociones explosivas. (Spanish Edition)<\/p>\n","protected":false},"featured_media":22758,"comment_status":"open","ping_status":"closed","template":"","meta":{"_acf_changed":false,"rank_math_lock_modified_date":false},"product_cat":[356],"product_tag":[],"acf":[],"_links":{"self":[{"href":"https:\/\/buyxpress.com\/pe\/wp-json\/wp\/v2\/product\/22757"}],"collection":[{"href":"https:\/\/buyxpress.com\/pe\/wp-json\/wp\/v2\/product"}],"about":[{"href":"https:\/\/buyxpress.com\/pe\/wp-json\/wp\/v2\/types\/product"}],"replies":[{"embeddable":true,"href":"https:\/\/buyxpress.com\/pe\/wp-json\/wp\/v2\/comments?post=22757"}],"wp:featuredmedia":[{"embeddable":true,"href":"https:\/\/buyxpress.com\/pe\/wp-json\/wp\/v2\/media\/22758"}],"wp:attachment":[{"href":"https:\/\/buyxpress.com\/pe\/wp-json\/wp\/v2\/media?parent=22757"}],"wp:term":[{"taxonomy":"product_cat","embeddable":true,"href":"https:\/\/buyxpress.com\/pe\/wp-json\/wp\/v2\/product_cat?post=22757"},{"taxonomy":"product_tag","embeddable":true,"href":"https:\/\/buyxpress.com\/pe\/wp-json\/wp\/v2\/product_tag?post=22757"}],"curies":[{"name":"wp","href":"https:\/\/api.w.org\/{rel}","templated":true}]}}