{"id":22763,"date":"2023-07-06T05:01:42","date_gmt":"2023-07-06T05:01:42","guid":{"rendered":"https:\/\/buyxpress.com\/pe\/producto\/luces-y-sombras-de-una-mujer-valiente-una-guia-para-conectar-con-lo-autentico\/"},"modified":"2025-05-06T22:38:53","modified_gmt":"2025-05-06T22:38:53","slug":"luces-y-sombras-de-una-mujer-valiente-una-guia-para-conectar-con-lo-autentico","status":"publish","type":"product","link":"https:\/\/buyxpress.com\/pe\/producto\/luces-y-sombras-de-una-mujer-valiente-una-guia-para-conectar-con-lo-autentico\/","title":{"rendered":"Luces y sombras de una mujer valiente: Una gu\u00eda para conectar con lo aut\u00e9ntico&#8230;"},"content":{"rendered":"<p>Luces y sombras de una mujer valiente: Una gu\u00eda para conectar con lo aut\u00e9ntico de tu ser (Spanish Edition)<\/p>\n","protected":false},"excerpt":{"rendered":"<p>Luces y sombras de una mujer valiente: Una gu\u00eda para conectar con lo aut\u00e9ntico de tu ser (Spanish Edition)<\/p>\n","protected":false},"featured_media":22764,"comment_status":"open","ping_status":"closed","template":"","meta":{"_acf_changed":false,"rank_math_lock_modified_date":false},"product_cat":[356],"product_tag":[],"acf":[],"_links":{"self":[{"href":"https:\/\/buyxpress.com\/pe\/wp-json\/wp\/v2\/product\/22763"}],"collection":[{"href":"https:\/\/buyxpress.com\/pe\/wp-json\/wp\/v2\/product"}],"about":[{"href":"https:\/\/buyxpress.com\/pe\/wp-json\/wp\/v2\/types\/product"}],"replies":[{"embeddable":true,"href":"https:\/\/buyxpress.com\/pe\/wp-json\/wp\/v2\/comments?post=22763"}],"wp:featuredmedia":[{"embeddable":true,"href":"https:\/\/buyxpress.com\/pe\/wp-json\/wp\/v2\/media\/22764"}],"wp:attachment":[{"href":"https:\/\/buyxpress.com\/pe\/wp-json\/wp\/v2\/media?parent=22763"}],"wp:term":[{"taxonomy":"product_cat","embeddable":true,"href":"https:\/\/buyxpress.com\/pe\/wp-json\/wp\/v2\/product_cat?post=22763"},{"taxonomy":"product_tag","embeddable":true,"href":"https:\/\/buyxpress.com\/pe\/wp-json\/wp\/v2\/product_tag?post=22763"}],"curies":[{"name":"wp","href":"https:\/\/api.w.org\/{rel}","templated":true}]}}