{"id":22765,"date":"2023-07-06T05:01:43","date_gmt":"2023-07-06T05:01:43","guid":{"rendered":"https:\/\/buyxpress.com\/pe\/producto\/ofertas-de-100-m-como-hacer-ofertas-tan-buenas-que-la-gente-se-sienta-estupi\/"},"modified":"2023-12-21T05:01:54","modified_gmt":"2023-12-21T05:01:54","slug":"ofertas-de-100-m-como-hacer-ofertas-tan-buenas-que-la-gente-se-sienta-estupi","status":"publish","type":"product","link":"https:\/\/buyxpress.com\/pe\/producto\/ofertas-de-100-m-como-hacer-ofertas-tan-buenas-que-la-gente-se-sienta-estupi\/","title":{"rendered":"Ofertas de 100 M$: C\u00f3mo hacer ofertas tan buenas que la gente se sienta est\u00fapi&#8230;"},"content":{"rendered":"<p>Ofertas de 100 M$: C\u00f3mo hacer ofertas tan buenas que la gente se sienta est\u00fapida si las rechaza (Spanish Edition)<\/p>\n","protected":false},"excerpt":{"rendered":"<p>Ofertas de 100 M$: C\u00f3mo hacer ofertas tan buenas que la gente se sienta est\u00fapida si las rechaza (Spanish Edition)<\/p>\n","protected":false},"featured_media":22766,"comment_status":"open","ping_status":"closed","template":"","meta":{"_acf_changed":false,"rank_math_lock_modified_date":false},"product_cat":[356],"product_tag":[],"acf":[],"_links":{"self":[{"href":"https:\/\/buyxpress.com\/pe\/wp-json\/wp\/v2\/product\/22765"}],"collection":[{"href":"https:\/\/buyxpress.com\/pe\/wp-json\/wp\/v2\/product"}],"about":[{"href":"https:\/\/buyxpress.com\/pe\/wp-json\/wp\/v2\/types\/product"}],"replies":[{"embeddable":true,"href":"https:\/\/buyxpress.com\/pe\/wp-json\/wp\/v2\/comments?post=22765"}],"wp:featuredmedia":[{"embeddable":true,"href":"https:\/\/buyxpress.com\/pe\/wp-json\/wp\/v2\/media\/22766"}],"wp:attachment":[{"href":"https:\/\/buyxpress.com\/pe\/wp-json\/wp\/v2\/media?parent=22765"}],"wp:term":[{"taxonomy":"product_cat","embeddable":true,"href":"https:\/\/buyxpress.com\/pe\/wp-json\/wp\/v2\/product_cat?post=22765"},{"taxonomy":"product_tag","embeddable":true,"href":"https:\/\/buyxpress.com\/pe\/wp-json\/wp\/v2\/product_tag?post=22765"}],"curies":[{"name":"wp","href":"https:\/\/api.w.org\/{rel}","templated":true}]}}