{"id":22769,"date":"2023-07-06T05:01:46","date_gmt":"2023-07-06T05:01:46","guid":{"rendered":"https:\/\/buyxpress.com\/pe\/producto\/100-clasicos-de-la-literatura-universal-vol-1-best-sellers-en-espanol-span\/"},"modified":"2025-05-04T23:29:48","modified_gmt":"2025-05-04T23:29:48","slug":"100-clasicos-de-la-literatura-universal-vol-1-best-sellers-en-espanol-span","status":"publish","type":"product","link":"https:\/\/buyxpress.com\/pe\/producto\/100-clasicos-de-la-literatura-universal-vol-1-best-sellers-en-espanol-span\/","title":{"rendered":"100 Cl\u00e1sicos de la Literatura Universal: Vol.1 (Best Sellers en espa\u00f1ol) (Span&#8230;"},"content":{"rendered":"<p>100 Cl\u00e1sicos de la Literatura Universal: Vol.1 (Best Sellers en espa\u00f1ol) (Spanish Edition)<\/p>\n","protected":false},"excerpt":{"rendered":"<p>100 Cl\u00e1sicos de la Literatura Universal: Vol.1 (Best Sellers en espa\u00f1ol) (Spanish Edition)<\/p>\n","protected":false},"featured_media":22770,"comment_status":"open","ping_status":"closed","template":"","meta":{"_acf_changed":false,"rank_math_lock_modified_date":false},"product_cat":[356,488],"product_tag":[],"acf":[],"_links":{"self":[{"href":"https:\/\/buyxpress.com\/pe\/wp-json\/wp\/v2\/product\/22769"}],"collection":[{"href":"https:\/\/buyxpress.com\/pe\/wp-json\/wp\/v2\/product"}],"about":[{"href":"https:\/\/buyxpress.com\/pe\/wp-json\/wp\/v2\/types\/product"}],"replies":[{"embeddable":true,"href":"https:\/\/buyxpress.com\/pe\/wp-json\/wp\/v2\/comments?post=22769"}],"wp:featuredmedia":[{"embeddable":true,"href":"https:\/\/buyxpress.com\/pe\/wp-json\/wp\/v2\/media\/22770"}],"wp:attachment":[{"href":"https:\/\/buyxpress.com\/pe\/wp-json\/wp\/v2\/media?parent=22769"}],"wp:term":[{"taxonomy":"product_cat","embeddable":true,"href":"https:\/\/buyxpress.com\/pe\/wp-json\/wp\/v2\/product_cat?post=22769"},{"taxonomy":"product_tag","embeddable":true,"href":"https:\/\/buyxpress.com\/pe\/wp-json\/wp\/v2\/product_tag?post=22769"}],"curies":[{"name":"wp","href":"https:\/\/api.w.org\/{rel}","templated":true}]}}