{"id":22779,"date":"2023-07-06T05:01:52","date_gmt":"2023-07-06T05:01:52","guid":{"rendered":"https:\/\/buyxpress.com\/pe\/producto\/oscuro-amor-tormenta-insospechada-oferta-especial-3-en-1-la-coleccion-compl\/"},"modified":"2024-10-04T13:33:02","modified_gmt":"2024-10-04T13:33:02","slug":"oscuro-amor-tormenta-insospechada-oferta-especial-3-en-1-la-coleccion-compl","status":"publish","type":"product","link":"https:\/\/buyxpress.com\/pe\/producto\/oscuro-amor-tormenta-insospechada-oferta-especial-3-en-1-la-coleccion-compl\/","title":{"rendered":"Oscuro Amor. Tormenta Insospechada (Oferta Especial 3 en 1): La Colecci\u00f3n Compl&#8230;"},"content":{"rendered":"<p>Oscuro Amor. Tormenta Insospechada (Oferta Especial 3 en 1): La Colecci\u00f3n Completa de Libros de Novelas Rom\u00e1nticas en Espa\u00f1ol. Una novela rom\u00e1ntica Espa\u00f1ol &#8230; de emociones explosivas (Spanish Edition)<\/p>\n","protected":false},"excerpt":{"rendered":"<p>Oscuro Amor. Tormenta Insospechada (Oferta Especial 3 en 1): La Colecci\u00f3n Completa de Libros de Novelas Rom\u00e1nticas en Espa\u00f1ol. Una novela rom\u00e1ntica Espa\u00f1ol &#8230; de emociones explosivas (Spanish Edition)<\/p>\n","protected":false},"featured_media":22780,"comment_status":"open","ping_status":"closed","template":"","meta":{"_acf_changed":false,"rank_math_lock_modified_date":false},"product_cat":[356],"product_tag":[],"acf":[],"_links":{"self":[{"href":"https:\/\/buyxpress.com\/pe\/wp-json\/wp\/v2\/product\/22779"}],"collection":[{"href":"https:\/\/buyxpress.com\/pe\/wp-json\/wp\/v2\/product"}],"about":[{"href":"https:\/\/buyxpress.com\/pe\/wp-json\/wp\/v2\/types\/product"}],"replies":[{"embeddable":true,"href":"https:\/\/buyxpress.com\/pe\/wp-json\/wp\/v2\/comments?post=22779"}],"wp:featuredmedia":[{"embeddable":true,"href":"https:\/\/buyxpress.com\/pe\/wp-json\/wp\/v2\/media\/22780"}],"wp:attachment":[{"href":"https:\/\/buyxpress.com\/pe\/wp-json\/wp\/v2\/media?parent=22779"}],"wp:term":[{"taxonomy":"product_cat","embeddable":true,"href":"https:\/\/buyxpress.com\/pe\/wp-json\/wp\/v2\/product_cat?post=22779"},{"taxonomy":"product_tag","embeddable":true,"href":"https:\/\/buyxpress.com\/pe\/wp-json\/wp\/v2\/product_tag?post=22779"}],"curies":[{"name":"wp","href":"https:\/\/api.w.org\/{rel}","templated":true}]}}