{"id":24789,"date":"2023-08-18T02:33:17","date_gmt":"2023-08-18T02:33:17","guid":{"rendered":"https:\/\/buyxpress.com\/pe\/producto\/nike-mens-court-legacy-gymnastics-shoe-7-brown\/"},"modified":"2024-12-26T23:42:06","modified_gmt":"2024-12-26T23:42:06","slug":"nike-mens-court-legacy-gymnastics-shoe-7-brown","status":"publish","type":"product","link":"https:\/\/buyxpress.com\/pe\/producto\/nike-mens-court-legacy-gymnastics-shoe-7-brown\/","title":{"rendered":"Nike Men&#8217;s Court Legacy Gymnastics Shoe 7 Brown"},"content":{"rendered":"<p>Nike Court Legacy, designed to pay tribute to the culture of tennis with its modern and urban design, is the perfect reinterpretation of a classic. Made of leather and characterized by traditional stitching and a retro swoosh design, it combines sport and fashion.<\/p>\n<p>Nike Court Legacy, dise\u00f1ado para rendir homenaje a la cultura del tenis con su dise\u00f1o moderno y urbano, es la reinterpretaci\u00f3n perfecta de un cl\u00e1sico. Hecho de cuero y caracterizado por costuras tradicionales y un dise\u00f1o retro swoosh, combina deporte y moda.<\/p>\n","protected":false},"excerpt":{"rendered":"<p>Nike Court Legacy, designed to pay tribute to the culture of tennis with its modern and urban design, is the perfect reinterpretation of a classic. Made of leather and characterized<\/p>\n","protected":false},"featured_media":0,"comment_status":"open","ping_status":"closed","template":"","meta":{"_acf_changed":false,"rank_math_lock_modified_date":false},"product_cat":[15],"product_tag":[],"acf":[],"_links":{"self":[{"href":"https:\/\/buyxpress.com\/pe\/wp-json\/wp\/v2\/product\/24789"}],"collection":[{"href":"https:\/\/buyxpress.com\/pe\/wp-json\/wp\/v2\/product"}],"about":[{"href":"https:\/\/buyxpress.com\/pe\/wp-json\/wp\/v2\/types\/product"}],"replies":[{"embeddable":true,"href":"https:\/\/buyxpress.com\/pe\/wp-json\/wp\/v2\/comments?post=24789"}],"wp:attachment":[{"href":"https:\/\/buyxpress.com\/pe\/wp-json\/wp\/v2\/media?parent=24789"}],"wp:term":[{"taxonomy":"product_cat","embeddable":true,"href":"https:\/\/buyxpress.com\/pe\/wp-json\/wp\/v2\/product_cat?post=24789"},{"taxonomy":"product_tag","embeddable":true,"href":"https:\/\/buyxpress.com\/pe\/wp-json\/wp\/v2\/product_tag?post=24789"}],"curies":[{"name":"wp","href":"https:\/\/api.w.org\/{rel}","templated":true}]}}