{"id":25371,"date":"2023-08-21T05:01:10","date_gmt":"2023-08-21T05:01:10","guid":{"rendered":"https:\/\/buyxpress.com\/pe\/producto\/princesa-rebelde-oferta-especial-6-libros-en-1-la-coleccion-completa-de-libr\/"},"modified":"2025-05-04T19:12:46","modified_gmt":"2025-05-04T19:12:46","slug":"princesa-rebelde-oferta-especial-6-libros-en-1-la-coleccion-completa-de-libr","status":"publish","type":"product","link":"https:\/\/buyxpress.com\/pe\/producto\/princesa-rebelde-oferta-especial-6-libros-en-1-la-coleccion-completa-de-libr\/","title":{"rendered":"Princesa Rebelde (Oferta Especial 6 Libros en 1): La Colecci\u00f3n Completa de Libr&#8230;"},"content":{"rendered":"<p>Princesa Rebelde (Oferta Especial 6 Libros en 1): La Colecci\u00f3n Completa de Libros de Novelas Rom\u00e1nticas en Espa\u00f1ol. Una Novela Rom\u00e1ntica de Mercedes Franco (Spanish Edition)<\/p>\n","protected":false},"excerpt":{"rendered":"<p>Princesa Rebelde (Oferta Especial 6 Libros en 1): La Colecci\u00f3n Completa de Libros de Novelas Rom\u00e1nticas en Espa\u00f1ol. Una Novela Rom\u00e1ntica de Mercedes Franco (Spanish Edition)<\/p>\n","protected":false},"featured_media":25372,"comment_status":"open","ping_status":"closed","template":"","meta":{"_acf_changed":false,"rank_math_lock_modified_date":false},"product_cat":[356],"product_tag":[],"acf":[],"_links":{"self":[{"href":"https:\/\/buyxpress.com\/pe\/wp-json\/wp\/v2\/product\/25371"}],"collection":[{"href":"https:\/\/buyxpress.com\/pe\/wp-json\/wp\/v2\/product"}],"about":[{"href":"https:\/\/buyxpress.com\/pe\/wp-json\/wp\/v2\/types\/product"}],"replies":[{"embeddable":true,"href":"https:\/\/buyxpress.com\/pe\/wp-json\/wp\/v2\/comments?post=25371"}],"wp:featuredmedia":[{"embeddable":true,"href":"https:\/\/buyxpress.com\/pe\/wp-json\/wp\/v2\/media\/25372"}],"wp:attachment":[{"href":"https:\/\/buyxpress.com\/pe\/wp-json\/wp\/v2\/media?parent=25371"}],"wp:term":[{"taxonomy":"product_cat","embeddable":true,"href":"https:\/\/buyxpress.com\/pe\/wp-json\/wp\/v2\/product_cat?post=25371"},{"taxonomy":"product_tag","embeddable":true,"href":"https:\/\/buyxpress.com\/pe\/wp-json\/wp\/v2\/product_tag?post=25371"}],"curies":[{"name":"wp","href":"https:\/\/api.w.org\/{rel}","templated":true}]}}