{"id":25373,"date":"2023-08-21T05:01:12","date_gmt":"2023-08-21T05:01:12","guid":{"rendered":"https:\/\/buyxpress.com\/pe\/producto\/pasiones-prohibidas-de-mi-pasado-oferta-especial-3-en-1-la-coleccion-complet-2\/"},"modified":"2024-05-03T18:43:47","modified_gmt":"2024-05-03T18:43:47","slug":"pasiones-prohibidas-de-mi-pasado-oferta-especial-3-en-1-la-coleccion-complet-2","status":"publish","type":"product","link":"https:\/\/buyxpress.com\/pe\/producto\/pasiones-prohibidas-de-mi-pasado-oferta-especial-3-en-1-la-coleccion-complet-2\/","title":{"rendered":"Pasiones Prohibidas De Mi Pasado (Oferta Especial 3 en 1): La Colecci\u00f3n Complet&#8230;"},"content":{"rendered":"<p>Pasiones Prohibidas De Mi Pasado (Oferta Especial 3 en 1): La Colecci\u00f3n Completa de Libros de Novelas Rom\u00e1nticas en Espa\u00f1ol. Una Novela Rom\u00e1ntica en Espa\u00f1ol &#8230; no podr\u00e1s parar de leer (Spanish Edition)<\/p>\n","protected":false},"excerpt":{"rendered":"<p>Pasiones Prohibidas De Mi Pasado (Oferta Especial 3 en 1): La Colecci\u00f3n Completa de Libros de Novelas Rom\u00e1nticas en Espa\u00f1ol. Una Novela Rom\u00e1ntica en Espa\u00f1ol &#8230; no podr\u00e1s parar de<\/p>\n","protected":false},"featured_media":25374,"comment_status":"open","ping_status":"closed","template":"","meta":{"_acf_changed":false,"rank_math_lock_modified_date":false},"product_cat":[356],"product_tag":[],"acf":[],"_links":{"self":[{"href":"https:\/\/buyxpress.com\/pe\/wp-json\/wp\/v2\/product\/25373"}],"collection":[{"href":"https:\/\/buyxpress.com\/pe\/wp-json\/wp\/v2\/product"}],"about":[{"href":"https:\/\/buyxpress.com\/pe\/wp-json\/wp\/v2\/types\/product"}],"replies":[{"embeddable":true,"href":"https:\/\/buyxpress.com\/pe\/wp-json\/wp\/v2\/comments?post=25373"}],"wp:featuredmedia":[{"embeddable":true,"href":"https:\/\/buyxpress.com\/pe\/wp-json\/wp\/v2\/media\/25374"}],"wp:attachment":[{"href":"https:\/\/buyxpress.com\/pe\/wp-json\/wp\/v2\/media?parent=25373"}],"wp:term":[{"taxonomy":"product_cat","embeddable":true,"href":"https:\/\/buyxpress.com\/pe\/wp-json\/wp\/v2\/product_cat?post=25373"},{"taxonomy":"product_tag","embeddable":true,"href":"https:\/\/buyxpress.com\/pe\/wp-json\/wp\/v2\/product_tag?post=25373"}],"curies":[{"name":"wp","href":"https:\/\/api.w.org\/{rel}","templated":true}]}}