{"id":25379,"date":"2023-08-21T05:01:18","date_gmt":"2023-08-21T05:01:18","guid":{"rendered":"https:\/\/buyxpress.com\/pe\/producto\/luces-y-sombras-de-una-mujer-valiente-una-guia-para-conectar-con-lo-autentico-2\/"},"modified":"2024-08-05T06:35:11","modified_gmt":"2024-08-05T06:35:11","slug":"luces-y-sombras-de-una-mujer-valiente-una-guia-para-conectar-con-lo-autentico-2","status":"publish","type":"product","link":"https:\/\/buyxpress.com\/pe\/producto\/luces-y-sombras-de-una-mujer-valiente-una-guia-para-conectar-con-lo-autentico-2\/","title":{"rendered":"Luces y sombras de una mujer valiente: Una gu\u00eda para conectar con lo aut\u00e9ntico&#8230;"},"content":{"rendered":"<p>Luces y sombras de una mujer valiente: Una gu\u00eda para conectar con lo aut\u00e9ntico de tu ser (Spanish Edition)<\/p>\n","protected":false},"excerpt":{"rendered":"<p>Luces y sombras de una mujer valiente: Una gu\u00eda para conectar con lo aut\u00e9ntico de tu ser (Spanish Edition)<\/p>\n","protected":false},"featured_media":0,"comment_status":"open","ping_status":"closed","template":"","meta":{"_acf_changed":false,"rank_math_lock_modified_date":false},"product_cat":[15,356],"product_tag":[],"acf":[],"_links":{"self":[{"href":"https:\/\/buyxpress.com\/pe\/wp-json\/wp\/v2\/product\/25379"}],"collection":[{"href":"https:\/\/buyxpress.com\/pe\/wp-json\/wp\/v2\/product"}],"about":[{"href":"https:\/\/buyxpress.com\/pe\/wp-json\/wp\/v2\/types\/product"}],"replies":[{"embeddable":true,"href":"https:\/\/buyxpress.com\/pe\/wp-json\/wp\/v2\/comments?post=25379"}],"wp:attachment":[{"href":"https:\/\/buyxpress.com\/pe\/wp-json\/wp\/v2\/media?parent=25379"}],"wp:term":[{"taxonomy":"product_cat","embeddable":true,"href":"https:\/\/buyxpress.com\/pe\/wp-json\/wp\/v2\/product_cat?post=25379"},{"taxonomy":"product_tag","embeddable":true,"href":"https:\/\/buyxpress.com\/pe\/wp-json\/wp\/v2\/product_tag?post=25379"}],"curies":[{"name":"wp","href":"https:\/\/api.w.org\/{rel}","templated":true}]}}