{"id":27073,"date":"2023-09-05T05:01:25","date_gmt":"2023-09-05T05:01:25","guid":{"rendered":"https:\/\/buyxpress.com\/pe\/producto\/anime-dbz-figure-vegeta-with-artificial-moon-action-figure-dbz-anime-pvc-collect\/"},"modified":"2023-09-05T05:01:25","modified_gmt":"2023-09-05T05:01:25","slug":"anime-dbz-figure-vegeta-with-artificial-moon-action-figure-dbz-anime-pvc-collect","status":"publish","type":"product","link":"https:\/\/buyxpress.com\/pe\/producto\/anime-dbz-figure-vegeta-with-artificial-moon-action-figure-dbz-anime-pvc-collect\/","title":{"rendered":"Anime DBZ Figure Vegeta with Artificial Moon Action Figure DBZ Anime PVC Collect&#8230;"},"content":{"rendered":"<p>Anime DBZ Figure Vegeta with Artificial Moon Action Figure DBZ Anime PVC Collection Statue Model Toys Doll Toys Gifts Figura Anime De Acci\u00f3n De H\u00e9roe De Decoraci\u00f3n 6.7 INCHS<\/p>\n","protected":false},"excerpt":{"rendered":"<p>Anime DBZ Figure Vegeta with Artificial Moon Action Figure DBZ Anime PVC Collection Statue Model Toys Doll Toys Gifts Figura Anime De Acci\u00f3n De H\u00e9roe De Decoraci\u00f3n 6.7 INCHS<\/p>\n","protected":false},"featured_media":27074,"comment_status":"open","ping_status":"closed","template":"","meta":{"_acf_changed":false,"rank_math_lock_modified_date":false},"product_cat":[462],"product_tag":[],"acf":[],"_links":{"self":[{"href":"https:\/\/buyxpress.com\/pe\/wp-json\/wp\/v2\/product\/27073"}],"collection":[{"href":"https:\/\/buyxpress.com\/pe\/wp-json\/wp\/v2\/product"}],"about":[{"href":"https:\/\/buyxpress.com\/pe\/wp-json\/wp\/v2\/types\/product"}],"replies":[{"embeddable":true,"href":"https:\/\/buyxpress.com\/pe\/wp-json\/wp\/v2\/comments?post=27073"}],"wp:featuredmedia":[{"embeddable":true,"href":"https:\/\/buyxpress.com\/pe\/wp-json\/wp\/v2\/media\/27074"}],"wp:attachment":[{"href":"https:\/\/buyxpress.com\/pe\/wp-json\/wp\/v2\/media?parent=27073"}],"wp:term":[{"taxonomy":"product_cat","embeddable":true,"href":"https:\/\/buyxpress.com\/pe\/wp-json\/wp\/v2\/product_cat?post=27073"},{"taxonomy":"product_tag","embeddable":true,"href":"https:\/\/buyxpress.com\/pe\/wp-json\/wp\/v2\/product_tag?post=27073"}],"curies":[{"name":"wp","href":"https:\/\/api.w.org\/{rel}","templated":true}]}}