{"id":28544,"date":"2023-10-06T05:01:24","date_gmt":"2023-10-06T05:01:24","guid":{"rendered":"https:\/\/buyxpress.com\/pe\/producto\/100-clasicos-de-la-literatura-universal-vol-2-best-sellers-en-espanol-span\/"},"modified":"2025-03-23T23:14:39","modified_gmt":"2025-03-23T23:14:39","slug":"100-clasicos-de-la-literatura-universal-vol-2-best-sellers-en-espanol-span","status":"publish","type":"product","link":"https:\/\/buyxpress.com\/pe\/producto\/100-clasicos-de-la-literatura-universal-vol-2-best-sellers-en-espanol-span\/","title":{"rendered":"100 Cl\u00e1sicos de la Literatura Universal: Vol.2 (Best Sellers en espa\u00f1ol) (Span&#8230;"},"content":{"rendered":"<p>100 Cl\u00e1sicos de la Literatura Universal: Vol.2 (Best Sellers en espa\u00f1ol) (Spanish Edition)<\/p>\n","protected":false},"excerpt":{"rendered":"<p>100 Cl\u00e1sicos de la Literatura Universal: Vol.2 (Best Sellers en espa\u00f1ol) (Spanish Edition)<\/p>\n","protected":false},"featured_media":28545,"comment_status":"open","ping_status":"closed","template":"","meta":{"_acf_changed":false,"rank_math_lock_modified_date":false},"product_cat":[488],"product_tag":[],"acf":[],"_links":{"self":[{"href":"https:\/\/buyxpress.com\/pe\/wp-json\/wp\/v2\/product\/28544"}],"collection":[{"href":"https:\/\/buyxpress.com\/pe\/wp-json\/wp\/v2\/product"}],"about":[{"href":"https:\/\/buyxpress.com\/pe\/wp-json\/wp\/v2\/types\/product"}],"replies":[{"embeddable":true,"href":"https:\/\/buyxpress.com\/pe\/wp-json\/wp\/v2\/comments?post=28544"}],"wp:featuredmedia":[{"embeddable":true,"href":"https:\/\/buyxpress.com\/pe\/wp-json\/wp\/v2\/media\/28545"}],"wp:attachment":[{"href":"https:\/\/buyxpress.com\/pe\/wp-json\/wp\/v2\/media?parent=28544"}],"wp:term":[{"taxonomy":"product_cat","embeddable":true,"href":"https:\/\/buyxpress.com\/pe\/wp-json\/wp\/v2\/product_cat?post=28544"},{"taxonomy":"product_tag","embeddable":true,"href":"https:\/\/buyxpress.com\/pe\/wp-json\/wp\/v2\/product_tag?post=28544"}],"curies":[{"name":"wp","href":"https:\/\/api.w.org\/{rel}","templated":true}]}}