{"id":29631,"date":"2023-11-06T05:01:20","date_gmt":"2023-11-06T05:01:20","guid":{"rendered":"https:\/\/buyxpress.com\/pe\/producto\/primeras-100-palabras-tarjetas-bebe-bilingue-vocabulario-libro-infantiles-para\/"},"modified":"2025-01-30T00:39:04","modified_gmt":"2025-01-30T00:39:04","slug":"primeras-100-palabras-tarjetas-bebe-bilingue-vocabulario-libro-infantiles-para","status":"publish","type":"product","link":"https:\/\/buyxpress.com\/pe\/producto\/primeras-100-palabras-tarjetas-bebe-bilingue-vocabulario-libro-infantiles-para\/","title":{"rendered":"Primeras 100 Palabras Tarjetas Bebe Biling\u00fce Vocabulario Libro Infantiles Para &#8230;"},"content":{"rendered":"<p>Primeras 100 Palabras Tarjetas Bebe Biling\u00fce Vocabulario Libro Infantiles Para Ni\u00f1os Espa\u00f1ol Ingl\u00e9s: Aprender biling\u00fce diccionario b\u00e1sico alfabeto &#8230; a\u00f1os. (Preescolar-Primaria) (Spanish Edition)<\/p>\n","protected":false},"excerpt":{"rendered":"<p>Primeras 100 Palabras Tarjetas Bebe Biling\u00fce Vocabulario Libro Infantiles Para Ni\u00f1os Espa\u00f1ol Ingl\u00e9s: Aprender biling\u00fce diccionario b\u00e1sico alfabeto &#8230; a\u00f1os. (Preescolar-Primaria) (Spanish Edition)<\/p>\n","protected":false},"featured_media":29632,"comment_status":"open","ping_status":"closed","template":"","meta":{"_acf_changed":false,"rank_math_lock_modified_date":false},"product_cat":[483],"product_tag":[],"acf":[],"_links":{"self":[{"href":"https:\/\/buyxpress.com\/pe\/wp-json\/wp\/v2\/product\/29631"}],"collection":[{"href":"https:\/\/buyxpress.com\/pe\/wp-json\/wp\/v2\/product"}],"about":[{"href":"https:\/\/buyxpress.com\/pe\/wp-json\/wp\/v2\/types\/product"}],"replies":[{"embeddable":true,"href":"https:\/\/buyxpress.com\/pe\/wp-json\/wp\/v2\/comments?post=29631"}],"wp:featuredmedia":[{"embeddable":true,"href":"https:\/\/buyxpress.com\/pe\/wp-json\/wp\/v2\/media\/29632"}],"wp:attachment":[{"href":"https:\/\/buyxpress.com\/pe\/wp-json\/wp\/v2\/media?parent=29631"}],"wp:term":[{"taxonomy":"product_cat","embeddable":true,"href":"https:\/\/buyxpress.com\/pe\/wp-json\/wp\/v2\/product_cat?post=29631"},{"taxonomy":"product_tag","embeddable":true,"href":"https:\/\/buyxpress.com\/pe\/wp-json\/wp\/v2\/product_tag?post=29631"}],"curies":[{"name":"wp","href":"https:\/\/api.w.org\/{rel}","templated":true}]}}