{"id":30573,"date":"2023-12-06T05:01:25","date_gmt":"2023-12-06T05:01:25","guid":{"rendered":"https:\/\/buyxpress.com\/pe\/producto\/como-emprender-tu-propio-negocio-un-sistema-de-7-pasos-para-emprender-con-exi\/"},"modified":"2025-04-18T01:58:03","modified_gmt":"2025-04-18T01:58:03","slug":"como-emprender-tu-propio-negocio-un-sistema-de-7-pasos-para-emprender-con-exi","status":"publish","type":"product","link":"https:\/\/buyxpress.com\/pe\/producto\/como-emprender-tu-propio-negocio-un-sistema-de-7-pasos-para-emprender-con-exi\/","title":{"rendered":"C\u00f3mo Emprender Tu Propio Negocio: Un Sistema De 7 Pasos Para Emprender Con \u00c9xi&#8230;"},"content":{"rendered":"<p>C\u00f3mo Emprender Tu Propio Negocio: Un Sistema De 7 Pasos Para Emprender Con \u00c9xito Tu Propio Negocio En 30 D\u00edas (Spanish Edition)<\/p>\n","protected":false},"excerpt":{"rendered":"<p>C\u00f3mo Emprender Tu Propio Negocio: Un Sistema De 7 Pasos Para Emprender Con \u00c9xito Tu Propio Negocio En 30 D\u00edas (Spanish Edition)<\/p>\n","protected":false},"featured_media":30574,"comment_status":"open","ping_status":"closed","template":"","meta":{"_acf_changed":false,"rank_math_lock_modified_date":false},"product_cat":[486],"product_tag":[],"acf":[],"_links":{"self":[{"href":"https:\/\/buyxpress.com\/pe\/wp-json\/wp\/v2\/product\/30573"}],"collection":[{"href":"https:\/\/buyxpress.com\/pe\/wp-json\/wp\/v2\/product"}],"about":[{"href":"https:\/\/buyxpress.com\/pe\/wp-json\/wp\/v2\/types\/product"}],"replies":[{"embeddable":true,"href":"https:\/\/buyxpress.com\/pe\/wp-json\/wp\/v2\/comments?post=30573"}],"wp:featuredmedia":[{"embeddable":true,"href":"https:\/\/buyxpress.com\/pe\/wp-json\/wp\/v2\/media\/30574"}],"wp:attachment":[{"href":"https:\/\/buyxpress.com\/pe\/wp-json\/wp\/v2\/media?parent=30573"}],"wp:term":[{"taxonomy":"product_cat","embeddable":true,"href":"https:\/\/buyxpress.com\/pe\/wp-json\/wp\/v2\/product_cat?post=30573"},{"taxonomy":"product_tag","embeddable":true,"href":"https:\/\/buyxpress.com\/pe\/wp-json\/wp\/v2\/product_tag?post=30573"}],"curies":[{"name":"wp","href":"https:\/\/api.w.org\/{rel}","templated":true}]}}