{"id":30575,"date":"2023-12-06T05:01:26","date_gmt":"2023-12-06T05:01:26","guid":{"rendered":"https:\/\/buyxpress.com\/pe\/producto\/las-51-habilidades-de-un-emprendedor-efectivo-aprenda-las-habilidades-mas-impo\/"},"modified":"2025-05-14T22:16:13","modified_gmt":"2025-05-14T22:16:13","slug":"las-51-habilidades-de-un-emprendedor-efectivo-aprenda-las-habilidades-mas-impo","status":"publish","type":"product","link":"https:\/\/buyxpress.com\/pe\/producto\/las-51-habilidades-de-un-emprendedor-efectivo-aprenda-las-habilidades-mas-impo\/","title":{"rendered":"Las 51 habilidades de un emprendedor efectivo: Aprenda las habilidades m\u00e1s impo&#8230;"},"content":{"rendered":"<p>Las 51 habilidades de un emprendedor efectivo: Aprenda las habilidades m\u00e1s importantes del mundo empresarial de una manera sencilla y pr\u00e1ctica (Spanish Edition)<\/p>\n","protected":false},"excerpt":{"rendered":"<p>Las 51 habilidades de un emprendedor efectivo: Aprenda las habilidades m\u00e1s importantes del mundo empresarial de una manera sencilla y pr\u00e1ctica (Spanish Edition)<\/p>\n","protected":false},"featured_media":30576,"comment_status":"open","ping_status":"closed","template":"","meta":{"_acf_changed":false,"rank_math_lock_modified_date":false},"product_cat":[486],"product_tag":[],"acf":[],"_links":{"self":[{"href":"https:\/\/buyxpress.com\/pe\/wp-json\/wp\/v2\/product\/30575"}],"collection":[{"href":"https:\/\/buyxpress.com\/pe\/wp-json\/wp\/v2\/product"}],"about":[{"href":"https:\/\/buyxpress.com\/pe\/wp-json\/wp\/v2\/types\/product"}],"replies":[{"embeddable":true,"href":"https:\/\/buyxpress.com\/pe\/wp-json\/wp\/v2\/comments?post=30575"}],"wp:featuredmedia":[{"embeddable":true,"href":"https:\/\/buyxpress.com\/pe\/wp-json\/wp\/v2\/media\/30576"}],"wp:attachment":[{"href":"https:\/\/buyxpress.com\/pe\/wp-json\/wp\/v2\/media?parent=30575"}],"wp:term":[{"taxonomy":"product_cat","embeddable":true,"href":"https:\/\/buyxpress.com\/pe\/wp-json\/wp\/v2\/product_cat?post=30575"},{"taxonomy":"product_tag","embeddable":true,"href":"https:\/\/buyxpress.com\/pe\/wp-json\/wp\/v2\/product_tag?post=30575"}],"curies":[{"name":"wp","href":"https:\/\/api.w.org\/{rel}","templated":true}]}}