{"id":30579,"date":"2023-12-06T05:01:29","date_gmt":"2023-12-06T05:01:29","guid":{"rendered":"https:\/\/buyxpress.com\/pe\/producto\/negocio-inmobiliario-al-por-mayor-la-manera-mas-rapida-para-aprender-a-ser-un\/"},"modified":"2024-10-23T14:23:14","modified_gmt":"2024-10-23T14:23:14","slug":"negocio-inmobiliario-al-por-mayor-la-manera-mas-rapida-para-aprender-a-ser-un","status":"publish","type":"product","link":"https:\/\/buyxpress.com\/pe\/producto\/negocio-inmobiliario-al-por-mayor-la-manera-mas-rapida-para-aprender-a-ser-un\/","title":{"rendered":"Negocio Inmobiliario al por Mayor: La manera m\u00e1s R\u00e1pida para Aprender a ser un&#8230;"},"content":{"rendered":"<p>Negocio Inmobiliario al por Mayor: La manera m\u00e1s R\u00e1pida para Aprender a ser un Inversionista Experto de Bienes Ra\u00edces y Conseguir Ofertas al Apalancar el Dinero de Otras Personas (Spanish Edition)<\/p>\n","protected":false},"excerpt":{"rendered":"<p>Negocio Inmobiliario al por Mayor: La manera m\u00e1s R\u00e1pida para Aprender a ser un Inversionista Experto de Bienes Ra\u00edces y Conseguir Ofertas al Apalancar el Dinero de Otras Personas (Spanish<\/p>\n","protected":false},"featured_media":0,"comment_status":"open","ping_status":"closed","template":"","meta":{"_acf_changed":false,"rank_math_lock_modified_date":false},"product_cat":[15],"product_tag":[],"acf":[],"_links":{"self":[{"href":"https:\/\/buyxpress.com\/pe\/wp-json\/wp\/v2\/product\/30579"}],"collection":[{"href":"https:\/\/buyxpress.com\/pe\/wp-json\/wp\/v2\/product"}],"about":[{"href":"https:\/\/buyxpress.com\/pe\/wp-json\/wp\/v2\/types\/product"}],"replies":[{"embeddable":true,"href":"https:\/\/buyxpress.com\/pe\/wp-json\/wp\/v2\/comments?post=30579"}],"wp:attachment":[{"href":"https:\/\/buyxpress.com\/pe\/wp-json\/wp\/v2\/media?parent=30579"}],"wp:term":[{"taxonomy":"product_cat","embeddable":true,"href":"https:\/\/buyxpress.com\/pe\/wp-json\/wp\/v2\/product_cat?post=30579"},{"taxonomy":"product_tag","embeddable":true,"href":"https:\/\/buyxpress.com\/pe\/wp-json\/wp\/v2\/product_tag?post=30579"}],"curies":[{"name":"wp","href":"https:\/\/api.w.org\/{rel}","templated":true}]}}