{"id":32199,"date":"2024-02-06T05:03:29","date_gmt":"2024-02-06T05:03:29","guid":{"rendered":"https:\/\/buyxpress.com\/pe\/producto\/las-trampas-del-miedo-una-visita-a-las-dimensiones-biologicas-psicologicas-y\/"},"modified":"2025-06-02T12:49:25","modified_gmt":"2025-06-02T12:49:25","slug":"las-trampas-del-miedo-una-visita-a-las-dimensiones-biologicas-psicologicas-y","status":"publish","type":"product","link":"https:\/\/buyxpress.com\/pe\/producto\/las-trampas-del-miedo-una-visita-a-las-dimensiones-biologicas-psicologicas-y\/","title":{"rendered":"Las trampas del miedo: Una visita a las dimensiones biol\u00f3gicas, psicol\u00f3gicas y&#8230;"},"content":{"rendered":"<p>Las trampas del miedo: Una visita a las dimensiones biol\u00f3gicas, psicol\u00f3gicas y espirituales para desmantelar el temor paralizante y la tiran\u00eda del autosabotaje (Spanish Edition)<\/p>\n","protected":false},"excerpt":{"rendered":"<p>Las trampas del miedo: Una visita a las dimensiones biol\u00f3gicas, psicol\u00f3gicas y espirituales para desmantelar el temor paralizante y la tiran\u00eda del autosabotaje (Spanish Edition)<\/p>\n","protected":false},"featured_media":32200,"comment_status":"open","ping_status":"closed","template":"","meta":{"_acf_changed":false,"rank_math_lock_modified_date":false},"product_cat":[486],"product_tag":[],"acf":[],"_links":{"self":[{"href":"https:\/\/buyxpress.com\/pe\/wp-json\/wp\/v2\/product\/32199"}],"collection":[{"href":"https:\/\/buyxpress.com\/pe\/wp-json\/wp\/v2\/product"}],"about":[{"href":"https:\/\/buyxpress.com\/pe\/wp-json\/wp\/v2\/types\/product"}],"replies":[{"embeddable":true,"href":"https:\/\/buyxpress.com\/pe\/wp-json\/wp\/v2\/comments?post=32199"}],"wp:featuredmedia":[{"embeddable":true,"href":"https:\/\/buyxpress.com\/pe\/wp-json\/wp\/v2\/media\/32200"}],"wp:attachment":[{"href":"https:\/\/buyxpress.com\/pe\/wp-json\/wp\/v2\/media?parent=32199"}],"wp:term":[{"taxonomy":"product_cat","embeddable":true,"href":"https:\/\/buyxpress.com\/pe\/wp-json\/wp\/v2\/product_cat?post=32199"},{"taxonomy":"product_tag","embeddable":true,"href":"https:\/\/buyxpress.com\/pe\/wp-json\/wp\/v2\/product_tag?post=32199"}],"curies":[{"name":"wp","href":"https:\/\/api.w.org\/{rel}","templated":true}]}}