{"id":32207,"date":"2024-02-06T05:03:39","date_gmt":"2024-02-06T05:03:39","guid":{"rendered":"https:\/\/buyxpress.com\/pe\/producto\/secretos-de-una-mente-exitosa-una-guia-definitiva-para-lograr-una-transformaci\/"},"modified":"2025-06-07T15:57:55","modified_gmt":"2025-06-07T15:57:55","slug":"secretos-de-una-mente-exitosa-una-guia-definitiva-para-lograr-una-transformaci","status":"publish","type":"product","link":"https:\/\/buyxpress.com\/pe\/producto\/secretos-de-una-mente-exitosa-una-guia-definitiva-para-lograr-una-transformaci\/","title":{"rendered":"SECRETOS DE UNA MENTE EXITOSA: Una gu\u00eda definitiva para lograr una transformaci&#8230;"},"content":{"rendered":"<p>SECRETOS DE UNA MENTE EXITOSA: Una gu\u00eda definitiva para lograr una transformaci\u00f3n integral y alcanzar tus metas (Spanish Edition)<\/p>\n","protected":false},"excerpt":{"rendered":"<p>SECRETOS DE UNA MENTE EXITOSA: Una gu\u00eda definitiva para lograr una transformaci\u00f3n integral y alcanzar tus metas (Spanish Edition)<\/p>\n","protected":false},"featured_media":32208,"comment_status":"open","ping_status":"closed","template":"","meta":{"_acf_changed":false,"rank_math_lock_modified_date":false},"product_cat":[486],"product_tag":[],"acf":[],"_links":{"self":[{"href":"https:\/\/buyxpress.com\/pe\/wp-json\/wp\/v2\/product\/32207"}],"collection":[{"href":"https:\/\/buyxpress.com\/pe\/wp-json\/wp\/v2\/product"}],"about":[{"href":"https:\/\/buyxpress.com\/pe\/wp-json\/wp\/v2\/types\/product"}],"replies":[{"embeddable":true,"href":"https:\/\/buyxpress.com\/pe\/wp-json\/wp\/v2\/comments?post=32207"}],"wp:featuredmedia":[{"embeddable":true,"href":"https:\/\/buyxpress.com\/pe\/wp-json\/wp\/v2\/media\/32208"}],"wp:attachment":[{"href":"https:\/\/buyxpress.com\/pe\/wp-json\/wp\/v2\/media?parent=32207"}],"wp:term":[{"taxonomy":"product_cat","embeddable":true,"href":"https:\/\/buyxpress.com\/pe\/wp-json\/wp\/v2\/product_cat?post=32207"},{"taxonomy":"product_tag","embeddable":true,"href":"https:\/\/buyxpress.com\/pe\/wp-json\/wp\/v2\/product_tag?post=32207"}],"curies":[{"name":"wp","href":"https:\/\/api.w.org\/{rel}","templated":true}]}}