{"id":32213,"date":"2024-02-06T05:03:43","date_gmt":"2024-02-06T05:03:43","guid":{"rendered":"https:\/\/buyxpress.com\/pe\/producto\/puntos-ciegos-mas-frecuentes-en-network-marketing-y-ventas-los-10-errores-mas\/"},"modified":"2025-04-06T05:02:19","modified_gmt":"2025-04-06T05:02:19","slug":"puntos-ciegos-mas-frecuentes-en-network-marketing-y-ventas-los-10-errores-mas","status":"publish","type":"product","link":"https:\/\/buyxpress.com\/pe\/producto\/puntos-ciegos-mas-frecuentes-en-network-marketing-y-ventas-los-10-errores-mas\/","title":{"rendered":"PUNTOS CIEGOS M\u00c1S FRECUENTES EN NETWORK MARKETING Y VENTAS: LOS 10 ERRORES M\u00c1S&#8230;"},"content":{"rendered":"<p>PUNTOS CIEGOS M\u00c1S FRECUENTES EN NETWORK MARKETING Y VENTAS: LOS 10 ERRORES M\u00c1S COMUNES QUE IMPIDEN A LOS NETWORKERS ALCANZAR O MANTENER EL \u00c9XITO EN SU NEGOCIO DE REDES DE MERCADEO (Spanish Edition)<\/p>\n","protected":false},"excerpt":{"rendered":"<p>PUNTOS CIEGOS M\u00c1S FRECUENTES EN NETWORK MARKETING Y VENTAS: LOS 10 ERRORES M\u00c1S COMUNES QUE IMPIDEN A LOS NETWORKERS ALCANZAR O MANTENER EL \u00c9XITO EN SU NEGOCIO DE REDES DE<\/p>\n","protected":false},"featured_media":32214,"comment_status":"open","ping_status":"closed","template":"","meta":{"_acf_changed":false,"rank_math_lock_modified_date":false},"product_cat":[486],"product_tag":[],"acf":[],"_links":{"self":[{"href":"https:\/\/buyxpress.com\/pe\/wp-json\/wp\/v2\/product\/32213"}],"collection":[{"href":"https:\/\/buyxpress.com\/pe\/wp-json\/wp\/v2\/product"}],"about":[{"href":"https:\/\/buyxpress.com\/pe\/wp-json\/wp\/v2\/types\/product"}],"replies":[{"embeddable":true,"href":"https:\/\/buyxpress.com\/pe\/wp-json\/wp\/v2\/comments?post=32213"}],"wp:featuredmedia":[{"embeddable":true,"href":"https:\/\/buyxpress.com\/pe\/wp-json\/wp\/v2\/media\/32214"}],"wp:attachment":[{"href":"https:\/\/buyxpress.com\/pe\/wp-json\/wp\/v2\/media?parent=32213"}],"wp:term":[{"taxonomy":"product_cat","embeddable":true,"href":"https:\/\/buyxpress.com\/pe\/wp-json\/wp\/v2\/product_cat?post=32213"},{"taxonomy":"product_tag","embeddable":true,"href":"https:\/\/buyxpress.com\/pe\/wp-json\/wp\/v2\/product_tag?post=32213"}],"curies":[{"name":"wp","href":"https:\/\/api.w.org\/{rel}","templated":true}]}}