{"id":32215,"date":"2024-02-06T05:03:45","date_gmt":"2024-02-06T05:03:45","guid":{"rendered":"https:\/\/buyxpress.com\/pe\/producto\/guia-de-habitos-inteligentes-36-pequenos-cambios-de-vida-que-su-cerebro-agra\/"},"modified":"2025-02-22T11:14:40","modified_gmt":"2025-02-22T11:14:40","slug":"guia-de-habitos-inteligentes-36-pequenos-cambios-de-vida-que-su-cerebro-agra","status":"publish","type":"product","link":"https:\/\/buyxpress.com\/pe\/producto\/guia-de-habitos-inteligentes-36-pequenos-cambios-de-vida-que-su-cerebro-agra\/","title":{"rendered":"Gu\u00eda de H\u00e1bitos Inteligentes: 36 Peque\u00f1os Cambios de Vida que su Cerebro Agra&#8230;"},"content":{"rendered":"<p>Gu\u00eda de H\u00e1bitos Inteligentes: 36 Peque\u00f1os Cambios de Vida que su Cerebro Agradecer\u00e1 (Spanish Edition)<\/p>\n","protected":false},"excerpt":{"rendered":"<p>Gu\u00eda de H\u00e1bitos Inteligentes: 36 Peque\u00f1os Cambios de Vida que su Cerebro Agradecer\u00e1 (Spanish Edition)<\/p>\n","protected":false},"featured_media":32216,"comment_status":"open","ping_status":"closed","template":"","meta":{"_acf_changed":false,"rank_math_lock_modified_date":false},"product_cat":[486],"product_tag":[],"acf":[],"_links":{"self":[{"href":"https:\/\/buyxpress.com\/pe\/wp-json\/wp\/v2\/product\/32215"}],"collection":[{"href":"https:\/\/buyxpress.com\/pe\/wp-json\/wp\/v2\/product"}],"about":[{"href":"https:\/\/buyxpress.com\/pe\/wp-json\/wp\/v2\/types\/product"}],"replies":[{"embeddable":true,"href":"https:\/\/buyxpress.com\/pe\/wp-json\/wp\/v2\/comments?post=32215"}],"wp:featuredmedia":[{"embeddable":true,"href":"https:\/\/buyxpress.com\/pe\/wp-json\/wp\/v2\/media\/32216"}],"wp:attachment":[{"href":"https:\/\/buyxpress.com\/pe\/wp-json\/wp\/v2\/media?parent=32215"}],"wp:term":[{"taxonomy":"product_cat","embeddable":true,"href":"https:\/\/buyxpress.com\/pe\/wp-json\/wp\/v2\/product_cat?post=32215"},{"taxonomy":"product_tag","embeddable":true,"href":"https:\/\/buyxpress.com\/pe\/wp-json\/wp\/v2\/product_tag?post=32215"}],"curies":[{"name":"wp","href":"https:\/\/api.w.org\/{rel}","templated":true}]}}