{"id":32219,"date":"2024-02-06T05:03:48","date_gmt":"2024-02-06T05:03:48","guid":{"rendered":"https:\/\/buyxpress.com\/pe\/producto\/psicologia-oscura-descubre-las-3-caracteristicas-y-las-tecnicas-prohibidas-q\/"},"modified":"2025-04-14T21:12:09","modified_gmt":"2025-04-14T21:12:09","slug":"psicologia-oscura-descubre-las-3-caracteristicas-y-las-tecnicas-prohibidas-q","status":"publish","type":"product","link":"https:\/\/buyxpress.com\/pe\/producto\/psicologia-oscura-descubre-las-3-caracteristicas-y-las-tecnicas-prohibidas-q\/","title":{"rendered":"Psicolog\u00eda Oscura: Descubre Las 3 Caracter\u00edsticas Y Las T\u00e9cnicas Prohibidas Q&#8230;"},"content":{"rendered":"<p>Psicolog\u00eda Oscura: Descubre Las 3 Caracter\u00edsticas Y Las T\u00e9cnicas Prohibidas Que Utilizan Las Personas M\u00e1s Manipuladoras Y Persuasivas Para El Control &#8230; Ceder A Cualquier Petici\u00f3n (Spanish Edition)<\/p>\n","protected":false},"excerpt":{"rendered":"<p>Psicolog\u00eda Oscura: Descubre Las 3 Caracter\u00edsticas Y Las T\u00e9cnicas Prohibidas Que Utilizan Las Personas M\u00e1s Manipuladoras Y Persuasivas Para El Control &#8230; Ceder A Cualquier Petici\u00f3n (Spanish Edition)<\/p>\n","protected":false},"featured_media":32220,"comment_status":"open","ping_status":"closed","template":"","meta":{"_acf_changed":false,"rank_math_lock_modified_date":false},"product_cat":[486],"product_tag":[],"acf":[],"_links":{"self":[{"href":"https:\/\/buyxpress.com\/pe\/wp-json\/wp\/v2\/product\/32219"}],"collection":[{"href":"https:\/\/buyxpress.com\/pe\/wp-json\/wp\/v2\/product"}],"about":[{"href":"https:\/\/buyxpress.com\/pe\/wp-json\/wp\/v2\/types\/product"}],"replies":[{"embeddable":true,"href":"https:\/\/buyxpress.com\/pe\/wp-json\/wp\/v2\/comments?post=32219"}],"wp:featuredmedia":[{"embeddable":true,"href":"https:\/\/buyxpress.com\/pe\/wp-json\/wp\/v2\/media\/32220"}],"wp:attachment":[{"href":"https:\/\/buyxpress.com\/pe\/wp-json\/wp\/v2\/media?parent=32219"}],"wp:term":[{"taxonomy":"product_cat","embeddable":true,"href":"https:\/\/buyxpress.com\/pe\/wp-json\/wp\/v2\/product_cat?post=32219"},{"taxonomy":"product_tag","embeddable":true,"href":"https:\/\/buyxpress.com\/pe\/wp-json\/wp\/v2\/product_tag?post=32219"}],"curies":[{"name":"wp","href":"https:\/\/api.w.org\/{rel}","templated":true}]}}