{"id":32221,"date":"2024-02-06T05:03:49","date_gmt":"2024-02-06T05:03:49","guid":{"rendered":"https:\/\/buyxpress.com\/pe\/producto\/el-arte-de-cerrar-la-venta-la-clave-para-hacer-mas-dinero-mas-rapidamente-en\/"},"modified":"2025-06-03T11:57:34","modified_gmt":"2025-06-03T11:57:34","slug":"el-arte-de-cerrar-la-venta-la-clave-para-hacer-mas-dinero-mas-rapidamente-en","status":"publish","type":"product","link":"https:\/\/buyxpress.com\/pe\/producto\/el-arte-de-cerrar-la-venta-la-clave-para-hacer-mas-dinero-mas-rapidamente-en\/","title":{"rendered":"El arte de cerrar la venta: La clave para hacer m\u00e1s dinero m\u00e1s r\u00e1pidamente en&#8230;"},"content":{"rendered":"<p>El arte de cerrar la venta: La clave para hacer m\u00e1s dinero m\u00e1s r\u00e1pidamente en el mundo de las ventas profesionales (Spanish Edition)<\/p>\n","protected":false},"excerpt":{"rendered":"<p>El arte de cerrar la venta: La clave para hacer m\u00e1s dinero m\u00e1s r\u00e1pidamente en el mundo de las ventas profesionales (Spanish Edition)<\/p>\n","protected":false},"featured_media":32222,"comment_status":"open","ping_status":"closed","template":"","meta":{"_acf_changed":false,"rank_math_lock_modified_date":false},"product_cat":[486],"product_tag":[],"acf":[],"_links":{"self":[{"href":"https:\/\/buyxpress.com\/pe\/wp-json\/wp\/v2\/product\/32221"}],"collection":[{"href":"https:\/\/buyxpress.com\/pe\/wp-json\/wp\/v2\/product"}],"about":[{"href":"https:\/\/buyxpress.com\/pe\/wp-json\/wp\/v2\/types\/product"}],"replies":[{"embeddable":true,"href":"https:\/\/buyxpress.com\/pe\/wp-json\/wp\/v2\/comments?post=32221"}],"wp:featuredmedia":[{"embeddable":true,"href":"https:\/\/buyxpress.com\/pe\/wp-json\/wp\/v2\/media\/32222"}],"wp:attachment":[{"href":"https:\/\/buyxpress.com\/pe\/wp-json\/wp\/v2\/media?parent=32221"}],"wp:term":[{"taxonomy":"product_cat","embeddable":true,"href":"https:\/\/buyxpress.com\/pe\/wp-json\/wp\/v2\/product_cat?post=32221"},{"taxonomy":"product_tag","embeddable":true,"href":"https:\/\/buyxpress.com\/pe\/wp-json\/wp\/v2\/product_tag?post=32221"}],"curies":[{"name":"wp","href":"https:\/\/api.w.org\/{rel}","templated":true}]}}