{"id":32223,"date":"2024-02-06T05:03:51","date_gmt":"2024-02-06T05:03:51","guid":{"rendered":"https:\/\/buyxpress.com\/pe\/producto\/los-60-errores-que-llevaran-a-tu-empresa-a-la-quiebra-guia-rapida-para-descu\/"},"modified":"2025-06-07T12:47:59","modified_gmt":"2025-06-07T12:47:59","slug":"los-60-errores-que-llevaran-a-tu-empresa-a-la-quiebra-guia-rapida-para-descu","status":"publish","type":"product","link":"https:\/\/buyxpress.com\/pe\/producto\/los-60-errores-que-llevaran-a-tu-empresa-a-la-quiebra-guia-rapida-para-descu\/","title":{"rendered":"Los 60 errores que llevar\u00e1n a tu empresa a la quiebra: Gu\u00eda r\u00e1pida para descu&#8230;"},"content":{"rendered":"<p>Los 60 errores que llevar\u00e1n a tu empresa a la quiebra: Gu\u00eda r\u00e1pida para descubrirlos y superarlos (Spanish Edition)<\/p>\n","protected":false},"excerpt":{"rendered":"<p>Los 60 errores que llevar\u00e1n a tu empresa a la quiebra: Gu\u00eda r\u00e1pida para descubrirlos y superarlos (Spanish Edition)<\/p>\n","protected":false},"featured_media":32224,"comment_status":"open","ping_status":"closed","template":"","meta":{"_acf_changed":false,"rank_math_lock_modified_date":false},"product_cat":[486],"product_tag":[],"acf":[],"_links":{"self":[{"href":"https:\/\/buyxpress.com\/pe\/wp-json\/wp\/v2\/product\/32223"}],"collection":[{"href":"https:\/\/buyxpress.com\/pe\/wp-json\/wp\/v2\/product"}],"about":[{"href":"https:\/\/buyxpress.com\/pe\/wp-json\/wp\/v2\/types\/product"}],"replies":[{"embeddable":true,"href":"https:\/\/buyxpress.com\/pe\/wp-json\/wp\/v2\/comments?post=32223"}],"wp:featuredmedia":[{"embeddable":true,"href":"https:\/\/buyxpress.com\/pe\/wp-json\/wp\/v2\/media\/32224"}],"wp:attachment":[{"href":"https:\/\/buyxpress.com\/pe\/wp-json\/wp\/v2\/media?parent=32223"}],"wp:term":[{"taxonomy":"product_cat","embeddable":true,"href":"https:\/\/buyxpress.com\/pe\/wp-json\/wp\/v2\/product_cat?post=32223"},{"taxonomy":"product_tag","embeddable":true,"href":"https:\/\/buyxpress.com\/pe\/wp-json\/wp\/v2\/product_tag?post=32223"}],"curies":[{"name":"wp","href":"https:\/\/api.w.org\/{rel}","templated":true}]}}