{"id":34939,"date":"2024-05-17T05:01:53","date_gmt":"2024-05-17T05:01:53","guid":{"rendered":"https:\/\/buyxpress.com\/pe\/producto\/brenda-castle-diseno-de-moda-libro-para-ninas-y-adolescentes-aprende-a-dibuj\/"},"modified":"2025-06-06T23:09:01","modified_gmt":"2025-06-06T23:09:01","slug":"brenda-castle-diseno-de-moda-libro-para-ninas-y-adolescentes-aprende-a-dibuj","status":"publish","type":"product","link":"https:\/\/buyxpress.com\/pe\/producto\/brenda-castle-diseno-de-moda-libro-para-ninas-y-adolescentes-aprende-a-dibuj\/","title":{"rendered":"Brenda Castle Dise\u00f1o de moda: Libro para ni\u00f1as y adolescentes, aprende a dibuj&#8230;"},"content":{"rendered":"<p>Brenda Castle Dise\u00f1o de moda: Libro para ni\u00f1as y adolescentes, aprende a dibujar moda. Dise\u00f1a tu primera colecci\u00f3n. Figur\u00edn femenino, vestidos y atuendos. (Spanish Edition)<\/p>\n","protected":false},"excerpt":{"rendered":"<p>Brenda Castle Dise\u00f1o de moda: Libro para ni\u00f1as y adolescentes, aprende a dibujar moda. Dise\u00f1a tu primera colecci\u00f3n. Figur\u00edn femenino, vestidos y atuendos. (Spanish Edition)<\/p>\n","protected":false},"featured_media":34940,"comment_status":"open","ping_status":"closed","template":"","meta":{"_acf_changed":false,"rank_math_lock_modified_date":false},"product_cat":[428],"product_tag":[],"acf":[],"_links":{"self":[{"href":"https:\/\/buyxpress.com\/pe\/wp-json\/wp\/v2\/product\/34939"}],"collection":[{"href":"https:\/\/buyxpress.com\/pe\/wp-json\/wp\/v2\/product"}],"about":[{"href":"https:\/\/buyxpress.com\/pe\/wp-json\/wp\/v2\/types\/product"}],"replies":[{"embeddable":true,"href":"https:\/\/buyxpress.com\/pe\/wp-json\/wp\/v2\/comments?post=34939"}],"wp:featuredmedia":[{"embeddable":true,"href":"https:\/\/buyxpress.com\/pe\/wp-json\/wp\/v2\/media\/34940"}],"wp:attachment":[{"href":"https:\/\/buyxpress.com\/pe\/wp-json\/wp\/v2\/media?parent=34939"}],"wp:term":[{"taxonomy":"product_cat","embeddable":true,"href":"https:\/\/buyxpress.com\/pe\/wp-json\/wp\/v2\/product_cat?post=34939"},{"taxonomy":"product_tag","embeddable":true,"href":"https:\/\/buyxpress.com\/pe\/wp-json\/wp\/v2\/product_tag?post=34939"}],"curies":[{"name":"wp","href":"https:\/\/api.w.org\/{rel}","templated":true}]}}