{"id":35049,"date":"2024-05-21T05:01:14","date_gmt":"2024-05-21T05:01:14","guid":{"rendered":"https:\/\/buyxpress.com\/pe\/producto\/literatura-na-escola-impactos-de-um-prototipo-de-acao-sob-a-otica-dos-profe\/"},"modified":"2025-03-13T01:52:55","modified_gmt":"2025-03-13T01:52:55","slug":"literatura-na-escola-impactos-de-um-prototipo-de-acao-sob-a-otica-dos-profe","status":"publish","type":"product","link":"https:\/\/buyxpress.com\/pe\/producto\/literatura-na-escola-impactos-de-um-prototipo-de-acao-sob-a-otica-dos-profe\/","title":{"rendered":"Literatura na Escola: impactos de um prot\u00f3tipo de a\u00e7\u00e3o sob a \u00f3tica dos profe&#8230;"},"content":{"rendered":"<p>Literatura na Escola: impactos de um prot\u00f3tipo de a\u00e7\u00e3o sob a \u00f3tica dos professores (Portuguese Edition)<\/p>\n","protected":false},"excerpt":{"rendered":"<p>Literatura na Escola: impactos de um prot\u00f3tipo de a\u00e7\u00e3o sob a \u00f3tica dos professores (Portuguese Edition)<\/p>\n","protected":false},"featured_media":35050,"comment_status":"open","ping_status":"closed","template":"","meta":{"_acf_changed":false,"rank_math_lock_modified_date":false},"product_cat":[488],"product_tag":[],"acf":[],"_links":{"self":[{"href":"https:\/\/buyxpress.com\/pe\/wp-json\/wp\/v2\/product\/35049"}],"collection":[{"href":"https:\/\/buyxpress.com\/pe\/wp-json\/wp\/v2\/product"}],"about":[{"href":"https:\/\/buyxpress.com\/pe\/wp-json\/wp\/v2\/types\/product"}],"replies":[{"embeddable":true,"href":"https:\/\/buyxpress.com\/pe\/wp-json\/wp\/v2\/comments?post=35049"}],"wp:featuredmedia":[{"embeddable":true,"href":"https:\/\/buyxpress.com\/pe\/wp-json\/wp\/v2\/media\/35050"}],"wp:attachment":[{"href":"https:\/\/buyxpress.com\/pe\/wp-json\/wp\/v2\/media?parent=35049"}],"wp:term":[{"taxonomy":"product_cat","embeddable":true,"href":"https:\/\/buyxpress.com\/pe\/wp-json\/wp\/v2\/product_cat?post=35049"},{"taxonomy":"product_tag","embeddable":true,"href":"https:\/\/buyxpress.com\/pe\/wp-json\/wp\/v2\/product_tag?post=35049"}],"curies":[{"name":"wp","href":"https:\/\/api.w.org\/{rel}","templated":true}]}}