{"id":36608,"date":"2024-08-21T05:00:54","date_gmt":"2024-08-21T05:00:54","guid":{"rendered":"https:\/\/buyxpress.com\/pe\/producto\/encuentra-las-diferencias-puzzles-de-imageness-libro-de-actividades-para-adu\/"},"modified":"2025-01-27T11:48:27","modified_gmt":"2025-01-27T11:48:27","slug":"encuentra-las-diferencias-puzzles-de-imageness-libro-de-actividades-para-adu","status":"publish","type":"product","link":"https:\/\/buyxpress.com\/pe\/producto\/encuentra-las-diferencias-puzzles-de-imageness-libro-de-actividades-para-adu\/","title":{"rendered":"Encuentra Las Diferencias : Puzzles De Imageness &#8211; Libro De Actividades Para Adu&#8230;"},"content":{"rendered":"<p>Encuentra Las Diferencias : Puzzles De Imageness &#8211; Libro De Actividades Para Adultos &#8211; Detecta Y Encuentra Las Diferencias &#8211; Edici\u00f3n Para Espa\u00f1oles &#8211; &#8230; &#8211; Edici\u00f3n Para Espa\u00f1oles) (Spanish Edition)<\/p>\n","protected":false},"excerpt":{"rendered":"<p>Encuentra Las Diferencias : Puzzles De Imageness &#8211; Libro De Actividades Para Adultos &#8211; Detecta Y Encuentra Las Diferencias &#8211; Edici\u00f3n Para Espa\u00f1oles &#8211; &#8230; &#8211; Edici\u00f3n Para Espa\u00f1oles) (Spanish<\/p>\n","protected":false},"featured_media":36609,"comment_status":"open","ping_status":"closed","template":"","meta":{"_acf_changed":false,"rank_math_lock_modified_date":false},"product_cat":[484],"product_tag":[],"acf":[],"_links":{"self":[{"href":"https:\/\/buyxpress.com\/pe\/wp-json\/wp\/v2\/product\/36608"}],"collection":[{"href":"https:\/\/buyxpress.com\/pe\/wp-json\/wp\/v2\/product"}],"about":[{"href":"https:\/\/buyxpress.com\/pe\/wp-json\/wp\/v2\/types\/product"}],"replies":[{"embeddable":true,"href":"https:\/\/buyxpress.com\/pe\/wp-json\/wp\/v2\/comments?post=36608"}],"wp:featuredmedia":[{"embeddable":true,"href":"https:\/\/buyxpress.com\/pe\/wp-json\/wp\/v2\/media\/36609"}],"wp:attachment":[{"href":"https:\/\/buyxpress.com\/pe\/wp-json\/wp\/v2\/media?parent=36608"}],"wp:term":[{"taxonomy":"product_cat","embeddable":true,"href":"https:\/\/buyxpress.com\/pe\/wp-json\/wp\/v2\/product_cat?post=36608"},{"taxonomy":"product_tag","embeddable":true,"href":"https:\/\/buyxpress.com\/pe\/wp-json\/wp\/v2\/product_tag?post=36608"}],"curies":[{"name":"wp","href":"https:\/\/api.w.org\/{rel}","templated":true}]}}