{"id":37101,"date":"2024-09-21T05:01:01","date_gmt":"2024-09-21T05:01:01","guid":{"rendered":"https:\/\/buyxpress.com\/pe\/producto\/inteligencia-emocional-4-libros-en-1-la-guia-completa-para-aprender-autodisci\/"},"modified":"2025-06-06T12:43:25","modified_gmt":"2025-06-06T12:43:25","slug":"inteligencia-emocional-4-libros-en-1-la-guia-completa-para-aprender-autodisci","status":"publish","type":"product","link":"https:\/\/buyxpress.com\/pe\/producto\/inteligencia-emocional-4-libros-en-1-la-guia-completa-para-aprender-autodisci\/","title":{"rendered":"Inteligencia Emocional: 4 Libros en 1: La Gu\u00eda Completa Para Aprender Autodisci&#8230;"},"content":{"rendered":"<p>Inteligencia Emocional: 4 Libros en 1: La Gu\u00eda Completa Para Aprender Autodisciplina, Inteligencia Emocional, Psicolog\u00eda Oscura y Manipulaci\u00f3n. Domina &#8230; Las Creencias Negativas. (Spanish Edition)<\/p>\n","protected":false},"excerpt":{"rendered":"<p>Inteligencia Emocional: 4 Libros en 1: La Gu\u00eda Completa Para Aprender Autodisciplina, Inteligencia Emocional, Psicolog\u00eda Oscura y Manipulaci\u00f3n. Domina &#8230; Las Creencias Negativas. (Spanish Edition)<\/p>\n","protected":false},"featured_media":37102,"comment_status":"open","ping_status":"closed","template":"","meta":{"_acf_changed":false,"rank_math_lock_modified_date":false},"product_cat":[356],"product_tag":[],"acf":[],"_links":{"self":[{"href":"https:\/\/buyxpress.com\/pe\/wp-json\/wp\/v2\/product\/37101"}],"collection":[{"href":"https:\/\/buyxpress.com\/pe\/wp-json\/wp\/v2\/product"}],"about":[{"href":"https:\/\/buyxpress.com\/pe\/wp-json\/wp\/v2\/types\/product"}],"replies":[{"embeddable":true,"href":"https:\/\/buyxpress.com\/pe\/wp-json\/wp\/v2\/comments?post=37101"}],"wp:featuredmedia":[{"embeddable":true,"href":"https:\/\/buyxpress.com\/pe\/wp-json\/wp\/v2\/media\/37102"}],"wp:attachment":[{"href":"https:\/\/buyxpress.com\/pe\/wp-json\/wp\/v2\/media?parent=37101"}],"wp:term":[{"taxonomy":"product_cat","embeddable":true,"href":"https:\/\/buyxpress.com\/pe\/wp-json\/wp\/v2\/product_cat?post=37101"},{"taxonomy":"product_tag","embeddable":true,"href":"https:\/\/buyxpress.com\/pe\/wp-json\/wp\/v2\/product_tag?post=37101"}],"curies":[{"name":"wp","href":"https:\/\/api.w.org\/{rel}","templated":true}]}}