{"id":37107,"date":"2024-09-21T05:01:07","date_gmt":"2024-09-21T05:01:07","guid":{"rendered":"https:\/\/buyxpress.com\/pe\/producto\/corona-de-fuego-oferta-especial-3-libros-en-1-coleccion-especial-de-vampiros\/"},"modified":"2025-03-27T04:46:45","modified_gmt":"2025-03-27T04:46:45","slug":"corona-de-fuego-oferta-especial-3-libros-en-1-coleccion-especial-de-vampiros","status":"publish","type":"product","link":"https:\/\/buyxpress.com\/pe\/producto\/corona-de-fuego-oferta-especial-3-libros-en-1-coleccion-especial-de-vampiros\/","title":{"rendered":"Corona de Fuego (Oferta Especial 3 Libros En 1) Colecci\u00f3n Especial De Vampiros &#8230;"},"content":{"rendered":"<p>Corona de Fuego (Oferta Especial 3 Libros En 1) Colecci\u00f3n Especial De Vampiros En Espa\u00f1ol: Libros de Novelas de Vampiros. Las mejores historias de &#8230; y Fantas\u00eda Paranormal (Spanish Edition)<\/p>\n","protected":false},"excerpt":{"rendered":"<p>Corona de Fuego (Oferta Especial 3 Libros En 1) Colecci\u00f3n Especial De Vampiros En Espa\u00f1ol: Libros de Novelas de Vampiros. Las mejores historias de &#8230; y Fantas\u00eda Paranormal (Spanish Edition)<\/p>\n","protected":false},"featured_media":37108,"comment_status":"open","ping_status":"closed","template":"","meta":{"_acf_changed":false,"rank_math_lock_modified_date":false},"product_cat":[356],"product_tag":[],"acf":[],"_links":{"self":[{"href":"https:\/\/buyxpress.com\/pe\/wp-json\/wp\/v2\/product\/37107"}],"collection":[{"href":"https:\/\/buyxpress.com\/pe\/wp-json\/wp\/v2\/product"}],"about":[{"href":"https:\/\/buyxpress.com\/pe\/wp-json\/wp\/v2\/types\/product"}],"replies":[{"embeddable":true,"href":"https:\/\/buyxpress.com\/pe\/wp-json\/wp\/v2\/comments?post=37107"}],"wp:featuredmedia":[{"embeddable":true,"href":"https:\/\/buyxpress.com\/pe\/wp-json\/wp\/v2\/media\/37108"}],"wp:attachment":[{"href":"https:\/\/buyxpress.com\/pe\/wp-json\/wp\/v2\/media?parent=37107"}],"wp:term":[{"taxonomy":"product_cat","embeddable":true,"href":"https:\/\/buyxpress.com\/pe\/wp-json\/wp\/v2\/product_cat?post=37107"},{"taxonomy":"product_tag","embeddable":true,"href":"https:\/\/buyxpress.com\/pe\/wp-json\/wp\/v2\/product_tag?post=37107"}],"curies":[{"name":"wp","href":"https:\/\/api.w.org\/{rel}","templated":true}]}}