{"id":39493,"date":"2024-12-04T05:01:02","date_gmt":"2024-12-04T05:01:02","guid":{"rendered":"https:\/\/buyxpress.com\/pe\/producto\/mujer-orgasmica-todas-somos-multiorgasmicas-tu-tambien-descubre-y-disfrut\/"},"modified":"2025-01-18T05:00:42","modified_gmt":"2025-01-18T05:00:42","slug":"mujer-orgasmica-todas-somos-multiorgasmicas-tu-tambien-descubre-y-disfrut","status":"publish","type":"product","link":"https:\/\/buyxpress.com\/pe\/producto\/mujer-orgasmica-todas-somos-multiorgasmicas-tu-tambien-descubre-y-disfrut\/","title":{"rendered":"Mujer org\u00e1smica: Todas somos multiorg\u00e1smicas, t\u00fa tambi\u00e9n. Descubre y disfrut&#8230;"},"content":{"rendered":"<p>Mujer org\u00e1smica: Todas somos multiorg\u00e1smicas, t\u00fa tambi\u00e9n. Descubre y disfruta del placer infinito que hay en ti y que mereces (Bienestar, estilo de vida, salud) (Spanish Edition)<\/p>\n","protected":false},"excerpt":{"rendered":"<p>Mujer org\u00e1smica: Todas somos multiorg\u00e1smicas, t\u00fa tambi\u00e9n. Descubre y disfruta del placer infinito que hay en ti y que mereces (Bienestar, estilo de vida, salud) (Spanish Edition)<\/p>\n","protected":false},"featured_media":39494,"comment_status":"open","ping_status":"closed","template":"","meta":{"_acf_changed":false,"rank_math_lock_modified_date":false},"product_cat":[15],"product_tag":[],"acf":[],"_links":{"self":[{"href":"https:\/\/buyxpress.com\/pe\/wp-json\/wp\/v2\/product\/39493"}],"collection":[{"href":"https:\/\/buyxpress.com\/pe\/wp-json\/wp\/v2\/product"}],"about":[{"href":"https:\/\/buyxpress.com\/pe\/wp-json\/wp\/v2\/types\/product"}],"replies":[{"embeddable":true,"href":"https:\/\/buyxpress.com\/pe\/wp-json\/wp\/v2\/comments?post=39493"}],"wp:featuredmedia":[{"embeddable":true,"href":"https:\/\/buyxpress.com\/pe\/wp-json\/wp\/v2\/media\/39494"}],"wp:attachment":[{"href":"https:\/\/buyxpress.com\/pe\/wp-json\/wp\/v2\/media?parent=39493"}],"wp:term":[{"taxonomy":"product_cat","embeddable":true,"href":"https:\/\/buyxpress.com\/pe\/wp-json\/wp\/v2\/product_cat?post=39493"},{"taxonomy":"product_tag","embeddable":true,"href":"https:\/\/buyxpress.com\/pe\/wp-json\/wp\/v2\/product_tag?post=39493"}],"curies":[{"name":"wp","href":"https:\/\/api.w.org\/{rel}","templated":true}]}}