{"id":39616,"date":"2024-12-06T05:00:42","date_gmt":"2024-12-06T05:00:42","guid":{"rendered":"https:\/\/buyxpress.com\/pe\/producto\/psicologia-de-ventas-como-vender-mas-mas-facil-y-rapidamente-de-lo-que-a\/"},"modified":"2025-04-09T07:04:10","modified_gmt":"2025-04-09T07:04:10","slug":"psicologia-de-ventas-como-vender-mas-mas-facil-y-rapidamente-de-lo-que-a","status":"publish","type":"product","link":"https:\/\/buyxpress.com\/pe\/producto\/psicologia-de-ventas-como-vender-mas-mas-facil-y-rapidamente-de-lo-que-a\/","title":{"rendered":"Psicolog\u00eda de ventas: C\u00f3mo vender m\u00e1s, m\u00e1s f\u00e1cil y r\u00e1pidamente de lo que a&#8230;"},"content":{"rendered":"<p>Psicolog\u00eda de ventas: C\u00f3mo vender m\u00e1s, m\u00e1s f\u00e1cil y r\u00e1pidamente de lo que alguna vez pensaste que fuese posible (Spanish Edition)<\/p>\n","protected":false},"excerpt":{"rendered":"<p>Psicolog\u00eda de ventas: C\u00f3mo vender m\u00e1s, m\u00e1s f\u00e1cil y r\u00e1pidamente de lo que alguna vez pensaste que fuese posible (Spanish Edition)<\/p>\n","protected":false},"featured_media":39617,"comment_status":"open","ping_status":"closed","template":"","meta":{"_acf_changed":false,"rank_math_lock_modified_date":false},"product_cat":[486],"product_tag":[],"acf":[],"_links":{"self":[{"href":"https:\/\/buyxpress.com\/pe\/wp-json\/wp\/v2\/product\/39616"}],"collection":[{"href":"https:\/\/buyxpress.com\/pe\/wp-json\/wp\/v2\/product"}],"about":[{"href":"https:\/\/buyxpress.com\/pe\/wp-json\/wp\/v2\/types\/product"}],"replies":[{"embeddable":true,"href":"https:\/\/buyxpress.com\/pe\/wp-json\/wp\/v2\/comments?post=39616"}],"wp:featuredmedia":[{"embeddable":true,"href":"https:\/\/buyxpress.com\/pe\/wp-json\/wp\/v2\/media\/39617"}],"wp:attachment":[{"href":"https:\/\/buyxpress.com\/pe\/wp-json\/wp\/v2\/media?parent=39616"}],"wp:term":[{"taxonomy":"product_cat","embeddable":true,"href":"https:\/\/buyxpress.com\/pe\/wp-json\/wp\/v2\/product_cat?post=39616"},{"taxonomy":"product_tag","embeddable":true,"href":"https:\/\/buyxpress.com\/pe\/wp-json\/wp\/v2\/product_tag?post=39616"}],"curies":[{"name":"wp","href":"https:\/\/api.w.org\/{rel}","templated":true}]}}