{"id":39618,"date":"2024-12-06T05:00:44","date_gmt":"2024-12-06T05:00:44","guid":{"rendered":"https:\/\/buyxpress.com\/pe\/producto\/la-ley-del-exito-autor-de-piense-y-hagase-rico-el-libro-de-exito-mas-vendid\/"},"modified":"2025-04-23T21:41:10","modified_gmt":"2025-04-23T21:41:10","slug":"la-ley-del-exito-autor-de-piense-y-hagase-rico-el-libro-de-exito-mas-vendid","status":"publish","type":"product","link":"https:\/\/buyxpress.com\/pe\/producto\/la-ley-del-exito-autor-de-piense-y-hagase-rico-el-libro-de-exito-mas-vendid\/","title":{"rendered":"La Ley Del \u00c9xito: Autor De Piense Y H\u00e1gase Rico El Libro De \u00c9xito M\u00e1s Vendid&#8230;"},"content":{"rendered":"<p>La Ley Del \u00c9xito: Autor De Piense Y H\u00e1gase Rico El Libro De \u00c9xito M\u00e1s Vendido De Todos Los Tiempos (An Official Publication of the Napoleon Hill Foundation) (Spanish Edition)<\/p>\n","protected":false},"excerpt":{"rendered":"<p>La Ley Del \u00c9xito: Autor De Piense Y H\u00e1gase Rico El Libro De \u00c9xito M\u00e1s Vendido De Todos Los Tiempos (An Official Publication of the Napoleon Hill Foundation) (Spanish Edition)<\/p>\n","protected":false},"featured_media":39619,"comment_status":"open","ping_status":"closed","template":"","meta":{"_acf_changed":false,"rank_math_lock_modified_date":false},"product_cat":[486],"product_tag":[],"acf":[],"_links":{"self":[{"href":"https:\/\/buyxpress.com\/pe\/wp-json\/wp\/v2\/product\/39618"}],"collection":[{"href":"https:\/\/buyxpress.com\/pe\/wp-json\/wp\/v2\/product"}],"about":[{"href":"https:\/\/buyxpress.com\/pe\/wp-json\/wp\/v2\/types\/product"}],"replies":[{"embeddable":true,"href":"https:\/\/buyxpress.com\/pe\/wp-json\/wp\/v2\/comments?post=39618"}],"wp:featuredmedia":[{"embeddable":true,"href":"https:\/\/buyxpress.com\/pe\/wp-json\/wp\/v2\/media\/39619"}],"wp:attachment":[{"href":"https:\/\/buyxpress.com\/pe\/wp-json\/wp\/v2\/media?parent=39618"}],"wp:term":[{"taxonomy":"product_cat","embeddable":true,"href":"https:\/\/buyxpress.com\/pe\/wp-json\/wp\/v2\/product_cat?post=39618"},{"taxonomy":"product_tag","embeddable":true,"href":"https:\/\/buyxpress.com\/pe\/wp-json\/wp\/v2\/product_tag?post=39618"}],"curies":[{"name":"wp","href":"https:\/\/api.w.org\/{rel}","templated":true}]}}