{"id":39622,"date":"2024-12-06T05:00:51","date_gmt":"2024-12-06T05:00:51","guid":{"rendered":"https:\/\/buyxpress.com\/pe\/producto\/liderazgo-rebelde-por-que-vale-la-pena-romper-las-reglas-para-tener-exito-en-2\/"},"modified":"2025-05-05T02:57:22","modified_gmt":"2025-05-05T02:57:22","slug":"liderazgo-rebelde-por-que-vale-la-pena-romper-las-reglas-para-tener-exito-en-2","status":"publish","type":"product","link":"https:\/\/buyxpress.com\/pe\/producto\/liderazgo-rebelde-por-que-vale-la-pena-romper-las-reglas-para-tener-exito-en-2\/","title":{"rendered":"Liderazgo Rebelde: Por Qu\u00e9 Vale La Pena Romper Las Reglas Para Tener \u00c9xito En &#8230;"},"content":{"rendered":"<p>Liderazgo Rebelde: Por Qu\u00e9 Vale La Pena Romper Las Reglas Para Tener \u00c9xito En Los Negocios Y En La Vida (Spanish Edition)<\/p>\n","protected":false},"excerpt":{"rendered":"<p>Liderazgo Rebelde: Por Qu\u00e9 Vale La Pena Romper Las Reglas Para Tener \u00c9xito En Los Negocios Y En La Vida (Spanish Edition)<\/p>\n","protected":false},"featured_media":39623,"comment_status":"open","ping_status":"closed","template":"","meta":{"_acf_changed":false,"rank_math_lock_modified_date":false},"product_cat":[486],"product_tag":[],"acf":[],"_links":{"self":[{"href":"https:\/\/buyxpress.com\/pe\/wp-json\/wp\/v2\/product\/39622"}],"collection":[{"href":"https:\/\/buyxpress.com\/pe\/wp-json\/wp\/v2\/product"}],"about":[{"href":"https:\/\/buyxpress.com\/pe\/wp-json\/wp\/v2\/types\/product"}],"replies":[{"embeddable":true,"href":"https:\/\/buyxpress.com\/pe\/wp-json\/wp\/v2\/comments?post=39622"}],"wp:featuredmedia":[{"embeddable":true,"href":"https:\/\/buyxpress.com\/pe\/wp-json\/wp\/v2\/media\/39623"}],"wp:attachment":[{"href":"https:\/\/buyxpress.com\/pe\/wp-json\/wp\/v2\/media?parent=39622"}],"wp:term":[{"taxonomy":"product_cat","embeddable":true,"href":"https:\/\/buyxpress.com\/pe\/wp-json\/wp\/v2\/product_cat?post=39622"},{"taxonomy":"product_tag","embeddable":true,"href":"https:\/\/buyxpress.com\/pe\/wp-json\/wp\/v2\/product_tag?post=39622"}],"curies":[{"name":"wp","href":"https:\/\/api.w.org\/{rel}","templated":true}]}}