{"id":39630,"date":"2024-12-06T05:01:01","date_gmt":"2024-12-06T05:01:01","guid":{"rendered":"https:\/\/buyxpress.com\/pe\/producto\/el-mba-del-entrenador-personal-una-guia-practica-para-conseguir-mas-clientes\/"},"modified":"2025-05-06T04:57:32","modified_gmt":"2025-05-06T04:57:32","slug":"el-mba-del-entrenador-personal-una-guia-practica-para-conseguir-mas-clientes","status":"publish","type":"product","link":"https:\/\/buyxpress.com\/pe\/producto\/el-mba-del-entrenador-personal-una-guia-practica-para-conseguir-mas-clientes\/","title":{"rendered":"El MBA Del Entrenador Personal: Una Gu\u00eda Pr\u00e1ctica Para Conseguir M\u00e1s Clientes&#8230;"},"content":{"rendered":"<p>El MBA Del Entrenador Personal: Una Gu\u00eda Pr\u00e1ctica Para Conseguir M\u00e1s Clientes, Aumentar Tus Ingresos y Dise\u00f1ar Tu Negocio Ideal (Spanish Edition)<\/p>\n","protected":false},"excerpt":{"rendered":"<p>El MBA Del Entrenador Personal: Una Gu\u00eda Pr\u00e1ctica Para Conseguir M\u00e1s Clientes, Aumentar Tus Ingresos y Dise\u00f1ar Tu Negocio Ideal (Spanish Edition)<\/p>\n","protected":false},"featured_media":39631,"comment_status":"open","ping_status":"closed","template":"","meta":{"_acf_changed":false,"rank_math_lock_modified_date":false},"product_cat":[486],"product_tag":[],"acf":[],"_links":{"self":[{"href":"https:\/\/buyxpress.com\/pe\/wp-json\/wp\/v2\/product\/39630"}],"collection":[{"href":"https:\/\/buyxpress.com\/pe\/wp-json\/wp\/v2\/product"}],"about":[{"href":"https:\/\/buyxpress.com\/pe\/wp-json\/wp\/v2\/types\/product"}],"replies":[{"embeddable":true,"href":"https:\/\/buyxpress.com\/pe\/wp-json\/wp\/v2\/comments?post=39630"}],"wp:featuredmedia":[{"embeddable":true,"href":"https:\/\/buyxpress.com\/pe\/wp-json\/wp\/v2\/media\/39631"}],"wp:attachment":[{"href":"https:\/\/buyxpress.com\/pe\/wp-json\/wp\/v2\/media?parent=39630"}],"wp:term":[{"taxonomy":"product_cat","embeddable":true,"href":"https:\/\/buyxpress.com\/pe\/wp-json\/wp\/v2\/product_cat?post=39630"},{"taxonomy":"product_tag","embeddable":true,"href":"https:\/\/buyxpress.com\/pe\/wp-json\/wp\/v2\/product_tag?post=39630"}],"curies":[{"name":"wp","href":"https:\/\/api.w.org\/{rel}","templated":true}]}}