{"id":39638,"date":"2024-12-06T05:01:10","date_gmt":"2024-12-06T05:01:10","guid":{"rendered":"https:\/\/buyxpress.com\/pe\/producto\/ofertas-de-100m-como-presentar-ofertas-tan-buenas-que-la-gente-sienta-que-es\/"},"modified":"2024-12-06T05:01:10","modified_gmt":"2024-12-06T05:01:10","slug":"ofertas-de-100m-como-presentar-ofertas-tan-buenas-que-la-gente-sienta-que-es","status":"publish","type":"product","link":"https:\/\/buyxpress.com\/pe\/producto\/ofertas-de-100m-como-presentar-ofertas-tan-buenas-que-la-gente-sienta-que-es\/","title":{"rendered":"Ofertas de $100M: C\u00f3mo presentar ofertas tan buenas que la gente sienta que es &#8230;"},"content":{"rendered":"<p>Ofertas de $100M: C\u00f3mo presentar ofertas tan buenas que la gente sienta que es est\u00fapida si dice que no (Acquisition.com $100M Series) (Spanish Edition)<\/p>\n","protected":false},"excerpt":{"rendered":"<p>Ofertas de $100M: C\u00f3mo presentar ofertas tan buenas que la gente sienta que es est\u00fapida si dice que no (Acquisition.com $100M Series) (Spanish Edition)<\/p>\n","protected":false},"featured_media":39639,"comment_status":"open","ping_status":"closed","template":"","meta":{"_acf_changed":false,"rank_math_lock_modified_date":false},"product_cat":[356],"product_tag":[],"acf":[],"_links":{"self":[{"href":"https:\/\/buyxpress.com\/pe\/wp-json\/wp\/v2\/product\/39638"}],"collection":[{"href":"https:\/\/buyxpress.com\/pe\/wp-json\/wp\/v2\/product"}],"about":[{"href":"https:\/\/buyxpress.com\/pe\/wp-json\/wp\/v2\/types\/product"}],"replies":[{"embeddable":true,"href":"https:\/\/buyxpress.com\/pe\/wp-json\/wp\/v2\/comments?post=39638"}],"wp:featuredmedia":[{"embeddable":true,"href":"https:\/\/buyxpress.com\/pe\/wp-json\/wp\/v2\/media\/39639"}],"wp:attachment":[{"href":"https:\/\/buyxpress.com\/pe\/wp-json\/wp\/v2\/media?parent=39638"}],"wp:term":[{"taxonomy":"product_cat","embeddable":true,"href":"https:\/\/buyxpress.com\/pe\/wp-json\/wp\/v2\/product_cat?post=39638"},{"taxonomy":"product_tag","embeddable":true,"href":"https:\/\/buyxpress.com\/pe\/wp-json\/wp\/v2\/product_tag?post=39638"}],"curies":[{"name":"wp","href":"https:\/\/api.w.org\/{rel}","templated":true}]}}