{"id":39648,"date":"2024-12-06T05:01:26","date_gmt":"2024-12-06T05:01:26","guid":{"rendered":"https:\/\/buyxpress.com\/pe\/producto\/100-clasicos-de-la-literatura-la-coleccion-definitiva-de-obras-maestras-en-e\/"},"modified":"2025-04-25T17:47:38","modified_gmt":"2025-04-25T17:47:38","slug":"100-clasicos-de-la-literatura-la-coleccion-definitiva-de-obras-maestras-en-e","status":"publish","type":"product","link":"https:\/\/buyxpress.com\/pe\/producto\/100-clasicos-de-la-literatura-la-coleccion-definitiva-de-obras-maestras-en-e\/","title":{"rendered":"100 Cl\u00e1sicos de la Literatura &#8211; La Colecci\u00f3n Definitiva de Obras Maestras en E&#8230;"},"content":{"rendered":"<p>100 Cl\u00e1sicos de la Literatura &#8211; La Colecci\u00f3n Definitiva de Obras Maestras en Espa\u00f1ol para Lectores Apasionados (Spanish Edition)<\/p>\n","protected":false},"excerpt":{"rendered":"<p>100 Cl\u00e1sicos de la Literatura &#8211; La Colecci\u00f3n Definitiva de Obras Maestras en Espa\u00f1ol para Lectores Apasionados (Spanish Edition)<\/p>\n","protected":false},"featured_media":39649,"comment_status":"open","ping_status":"closed","template":"","meta":{"_acf_changed":false,"rank_math_lock_modified_date":false},"product_cat":[488],"product_tag":[],"acf":[],"_links":{"self":[{"href":"https:\/\/buyxpress.com\/pe\/wp-json\/wp\/v2\/product\/39648"}],"collection":[{"href":"https:\/\/buyxpress.com\/pe\/wp-json\/wp\/v2\/product"}],"about":[{"href":"https:\/\/buyxpress.com\/pe\/wp-json\/wp\/v2\/types\/product"}],"replies":[{"embeddable":true,"href":"https:\/\/buyxpress.com\/pe\/wp-json\/wp\/v2\/comments?post=39648"}],"wp:featuredmedia":[{"embeddable":true,"href":"https:\/\/buyxpress.com\/pe\/wp-json\/wp\/v2\/media\/39649"}],"wp:attachment":[{"href":"https:\/\/buyxpress.com\/pe\/wp-json\/wp\/v2\/media?parent=39648"}],"wp:term":[{"taxonomy":"product_cat","embeddable":true,"href":"https:\/\/buyxpress.com\/pe\/wp-json\/wp\/v2\/product_cat?post=39648"},{"taxonomy":"product_tag","embeddable":true,"href":"https:\/\/buyxpress.com\/pe\/wp-json\/wp\/v2\/product_tag?post=39648"}],"curies":[{"name":"wp","href":"https:\/\/api.w.org\/{rel}","templated":true}]}}