{"id":39807,"date":"2024-12-16T05:01:10","date_gmt":"2024-12-16T05:01:10","guid":{"rendered":"https:\/\/buyxpress.com\/pe\/producto\/entiende-la-tecnologia-desde-la-caida-de-megaupload-hasta-los-secretos-de-la\/"},"modified":"2024-12-16T05:01:10","modified_gmt":"2024-12-16T05:01:10","slug":"entiende-la-tecnologia-desde-la-caida-de-megaupload-hasta-los-secretos-de-la","status":"publish","type":"product","link":"https:\/\/buyxpress.com\/pe\/producto\/entiende-la-tecnologia-desde-la-caida-de-megaupload-hasta-los-secretos-de-la\/","title":{"rendered":"Entiende la tecnolog\u00eda: Desde la ca\u00edda de Megaupload hasta los secretos de la &#8230;"},"content":{"rendered":"<p>Entiende la tecnolog\u00eda: Desde la ca\u00edda de Megaupload hasta los secretos de la Inteligencia Artificial (Spanish Edition)<\/p>\n","protected":false},"excerpt":{"rendered":"<p>Entiende la tecnolog\u00eda: Desde la ca\u00edda de Megaupload hasta los secretos de la Inteligencia Artificial (Spanish Edition)<\/p>\n","protected":false},"featured_media":39808,"comment_status":"open","ping_status":"closed","template":"","meta":{"_acf_changed":false,"rank_math_lock_modified_date":false},"product_cat":[15],"product_tag":[],"acf":[],"_links":{"self":[{"href":"https:\/\/buyxpress.com\/pe\/wp-json\/wp\/v2\/product\/39807"}],"collection":[{"href":"https:\/\/buyxpress.com\/pe\/wp-json\/wp\/v2\/product"}],"about":[{"href":"https:\/\/buyxpress.com\/pe\/wp-json\/wp\/v2\/types\/product"}],"replies":[{"embeddable":true,"href":"https:\/\/buyxpress.com\/pe\/wp-json\/wp\/v2\/comments?post=39807"}],"wp:featuredmedia":[{"embeddable":true,"href":"https:\/\/buyxpress.com\/pe\/wp-json\/wp\/v2\/media\/39808"}],"wp:attachment":[{"href":"https:\/\/buyxpress.com\/pe\/wp-json\/wp\/v2\/media?parent=39807"}],"wp:term":[{"taxonomy":"product_cat","embeddable":true,"href":"https:\/\/buyxpress.com\/pe\/wp-json\/wp\/v2\/product_cat?post=39807"},{"taxonomy":"product_tag","embeddable":true,"href":"https:\/\/buyxpress.com\/pe\/wp-json\/wp\/v2\/product_tag?post=39807"}],"curies":[{"name":"wp","href":"https:\/\/api.w.org\/{rel}","templated":true}]}}