{"id":39809,"date":"2024-12-16T05:01:12","date_gmt":"2024-12-16T05:01:12","guid":{"rendered":"https:\/\/buyxpress.com\/pe\/producto\/el-factor-maya-un-camino-mas-alla-de-la-tecnologia-espiritualidad-tendenc\/"},"modified":"2025-04-19T23:24:35","modified_gmt":"2025-04-19T23:24:35","slug":"el-factor-maya-un-camino-mas-alla-de-la-tecnologia-espiritualidad-tendenc","status":"publish","type":"product","link":"https:\/\/buyxpress.com\/pe\/producto\/el-factor-maya-un-camino-mas-alla-de-la-tecnologia-espiritualidad-tendenc\/","title":{"rendered":"El factor Maya: Un camino m\u00e1s all\u00e1 de la tecnolog\u00eda (Espiritualidad &#8211; Tendenc&#8230;"},"content":{"rendered":"<p>El factor Maya: Un camino m\u00e1s all\u00e1 de la tecnolog\u00eda (Espiritualidad &#8211; Tendencias y escuelas) (Spanish Edition)<\/p>\n","protected":false},"excerpt":{"rendered":"<p>El factor Maya: Un camino m\u00e1s all\u00e1 de la tecnolog\u00eda (Espiritualidad &#8211; Tendencias y escuelas) (Spanish Edition)<\/p>\n","protected":false},"featured_media":39810,"comment_status":"open","ping_status":"closed","template":"","meta":{"_acf_changed":false,"rank_math_lock_modified_date":false},"product_cat":[15],"product_tag":[],"acf":[],"_links":{"self":[{"href":"https:\/\/buyxpress.com\/pe\/wp-json\/wp\/v2\/product\/39809"}],"collection":[{"href":"https:\/\/buyxpress.com\/pe\/wp-json\/wp\/v2\/product"}],"about":[{"href":"https:\/\/buyxpress.com\/pe\/wp-json\/wp\/v2\/types\/product"}],"replies":[{"embeddable":true,"href":"https:\/\/buyxpress.com\/pe\/wp-json\/wp\/v2\/comments?post=39809"}],"wp:featuredmedia":[{"embeddable":true,"href":"https:\/\/buyxpress.com\/pe\/wp-json\/wp\/v2\/media\/39810"}],"wp:attachment":[{"href":"https:\/\/buyxpress.com\/pe\/wp-json\/wp\/v2\/media?parent=39809"}],"wp:term":[{"taxonomy":"product_cat","embeddable":true,"href":"https:\/\/buyxpress.com\/pe\/wp-json\/wp\/v2\/product_cat?post=39809"},{"taxonomy":"product_tag","embeddable":true,"href":"https:\/\/buyxpress.com\/pe\/wp-json\/wp\/v2\/product_tag?post=39809"}],"curies":[{"name":"wp","href":"https:\/\/api.w.org\/{rel}","templated":true}]}}