{"id":40307,"date":"2025-01-18T05:00:45","date_gmt":"2025-01-18T05:00:45","guid":{"rendered":"https:\/\/buyxpress.com\/pe\/producto\/mujer-sexual-mujer-que-brilla-sana-la-relacion-con-tu-cuerpo-y-tu-energia-se\/"},"modified":"2025-01-18T05:00:45","modified_gmt":"2025-01-18T05:00:45","slug":"mujer-sexual-mujer-que-brilla-sana-la-relacion-con-tu-cuerpo-y-tu-energia-se","status":"publish","type":"product","link":"https:\/\/buyxpress.com\/pe\/producto\/mujer-sexual-mujer-que-brilla-sana-la-relacion-con-tu-cuerpo-y-tu-energia-se\/","title":{"rendered":"Mujer sexual, mujer que Brilla: Sana la relaci\u00f3n con tu cuerpo y tu energ\u00eda se&#8230;"},"content":{"rendered":"<p>Mujer sexual, mujer que Brilla: Sana la relaci\u00f3n con tu cuerpo y tu energ\u00eda sexual a trav\u00e9s de pr\u00e1cticas y meditaciones 100% guiadas (Spanish Edition)<\/p>\n","protected":false},"excerpt":{"rendered":"<p>Mujer sexual, mujer que Brilla: Sana la relaci\u00f3n con tu cuerpo y tu energ\u00eda sexual a trav\u00e9s de pr\u00e1cticas y meditaciones 100% guiadas (Spanish Edition)<\/p>\n","protected":false},"featured_media":40308,"comment_status":"open","ping_status":"closed","template":"","meta":{"_acf_changed":false,"rank_math_lock_modified_date":false},"product_cat":[15],"product_tag":[],"acf":[],"_links":{"self":[{"href":"https:\/\/buyxpress.com\/pe\/wp-json\/wp\/v2\/product\/40307"}],"collection":[{"href":"https:\/\/buyxpress.com\/pe\/wp-json\/wp\/v2\/product"}],"about":[{"href":"https:\/\/buyxpress.com\/pe\/wp-json\/wp\/v2\/types\/product"}],"replies":[{"embeddable":true,"href":"https:\/\/buyxpress.com\/pe\/wp-json\/wp\/v2\/comments?post=40307"}],"wp:featuredmedia":[{"embeddable":true,"href":"https:\/\/buyxpress.com\/pe\/wp-json\/wp\/v2\/media\/40308"}],"wp:attachment":[{"href":"https:\/\/buyxpress.com\/pe\/wp-json\/wp\/v2\/media?parent=40307"}],"wp:term":[{"taxonomy":"product_cat","embeddable":true,"href":"https:\/\/buyxpress.com\/pe\/wp-json\/wp\/v2\/product_cat?post=40307"},{"taxonomy":"product_tag","embeddable":true,"href":"https:\/\/buyxpress.com\/pe\/wp-json\/wp\/v2\/product_tag?post=40307"}],"curies":[{"name":"wp","href":"https:\/\/api.w.org\/{rel}","templated":true}]}}