{"id":40309,"date":"2025-01-18T05:00:48","date_gmt":"2025-01-18T05:00:48","guid":{"rendered":"https:\/\/buyxpress.com\/pe\/producto\/un-viaje-llamado-salud-femenina-una-guia-de-empoderamiento-femenino-a-traves\/"},"modified":"2025-01-18T05:00:48","modified_gmt":"2025-01-18T05:00:48","slug":"un-viaje-llamado-salud-femenina-una-guia-de-empoderamiento-femenino-a-traves","status":"publish","type":"product","link":"https:\/\/buyxpress.com\/pe\/producto\/un-viaje-llamado-salud-femenina-una-guia-de-empoderamiento-femenino-a-traves\/","title":{"rendered":"Un viaje llamado Salud Femenina: Una gu\u00eda de empoderamiento femenino a trav\u00e9s &#8230;"},"content":{"rendered":"<p>Un viaje llamado Salud Femenina: Una gu\u00eda de empoderamiento femenino a trav\u00e9s de la salud hormonal y el bienestar integral (Spanish Edition)<\/p>\n","protected":false},"excerpt":{"rendered":"<p>Un viaje llamado Salud Femenina: Una gu\u00eda de empoderamiento femenino a trav\u00e9s de la salud hormonal y el bienestar integral (Spanish Edition)<\/p>\n","protected":false},"featured_media":40310,"comment_status":"open","ping_status":"closed","template":"","meta":{"_acf_changed":false,"rank_math_lock_modified_date":false},"product_cat":[15],"product_tag":[],"acf":[],"_links":{"self":[{"href":"https:\/\/buyxpress.com\/pe\/wp-json\/wp\/v2\/product\/40309"}],"collection":[{"href":"https:\/\/buyxpress.com\/pe\/wp-json\/wp\/v2\/product"}],"about":[{"href":"https:\/\/buyxpress.com\/pe\/wp-json\/wp\/v2\/types\/product"}],"replies":[{"embeddable":true,"href":"https:\/\/buyxpress.com\/pe\/wp-json\/wp\/v2\/comments?post=40309"}],"wp:featuredmedia":[{"embeddable":true,"href":"https:\/\/buyxpress.com\/pe\/wp-json\/wp\/v2\/media\/40310"}],"wp:attachment":[{"href":"https:\/\/buyxpress.com\/pe\/wp-json\/wp\/v2\/media?parent=40309"}],"wp:term":[{"taxonomy":"product_cat","embeddable":true,"href":"https:\/\/buyxpress.com\/pe\/wp-json\/wp\/v2\/product_cat?post=40309"},{"taxonomy":"product_tag","embeddable":true,"href":"https:\/\/buyxpress.com\/pe\/wp-json\/wp\/v2\/product_tag?post=40309"}],"curies":[{"name":"wp","href":"https:\/\/api.w.org\/{rel}","templated":true}]}}