{"id":41061,"date":"2025-03-18T05:01:03","date_gmt":"2025-03-18T05:01:03","guid":{"rendered":"https:\/\/buyxpress.com\/pe\/producto\/educacion-sexual-y-etica-de-las-relaciones-sexuales-y-amorosas-como-trabajar\/"},"modified":"2025-03-18T05:01:03","modified_gmt":"2025-03-18T05:01:03","slug":"educacion-sexual-y-etica-de-las-relaciones-sexuales-y-amorosas-como-trabajar","status":"publish","type":"product","link":"https:\/\/buyxpress.com\/pe\/producto\/educacion-sexual-y-etica-de-las-relaciones-sexuales-y-amorosas-como-trabajar\/","title":{"rendered":"Educaci\u00f3n sexual y \u00e9tica de las relaciones sexuales y amorosas: C\u00f3mo trabajar&#8230;"},"content":{"rendered":"<p>Educaci\u00f3n sexual y \u00e9tica de las relaciones sexuales y amorosas: C\u00f3mo trabajar en favor del placer y el bienestar<\/p>\n","protected":false},"excerpt":{"rendered":"<p>Educaci\u00f3n sexual y \u00e9tica de las relaciones sexuales y amorosas: C\u00f3mo trabajar en favor del placer y el bienestar<\/p>\n","protected":false},"featured_media":41062,"comment_status":"open","ping_status":"closed","template":"","meta":{"_acf_changed":false,"rank_math_lock_modified_date":false},"product_cat":[15],"product_tag":[],"acf":[],"_links":{"self":[{"href":"https:\/\/buyxpress.com\/pe\/wp-json\/wp\/v2\/product\/41061"}],"collection":[{"href":"https:\/\/buyxpress.com\/pe\/wp-json\/wp\/v2\/product"}],"about":[{"href":"https:\/\/buyxpress.com\/pe\/wp-json\/wp\/v2\/types\/product"}],"replies":[{"embeddable":true,"href":"https:\/\/buyxpress.com\/pe\/wp-json\/wp\/v2\/comments?post=41061"}],"wp:featuredmedia":[{"embeddable":true,"href":"https:\/\/buyxpress.com\/pe\/wp-json\/wp\/v2\/media\/41062"}],"wp:attachment":[{"href":"https:\/\/buyxpress.com\/pe\/wp-json\/wp\/v2\/media?parent=41061"}],"wp:term":[{"taxonomy":"product_cat","embeddable":true,"href":"https:\/\/buyxpress.com\/pe\/wp-json\/wp\/v2\/product_cat?post=41061"},{"taxonomy":"product_tag","embeddable":true,"href":"https:\/\/buyxpress.com\/pe\/wp-json\/wp\/v2\/product_tag?post=41061"}],"curies":[{"name":"wp","href":"https:\/\/api.w.org\/{rel}","templated":true}]}}