{"id":41251,"date":"2025-04-06T05:02:10","date_gmt":"2025-04-06T05:02:10","guid":{"rendered":"https:\/\/buyxpress.com\/pe\/producto\/inteligencia-emocional-la-transformacion-mental-de-21-dias-para-dominar-sus-e\/"},"modified":"2025-05-04T22:48:31","modified_gmt":"2025-05-04T22:48:31","slug":"inteligencia-emocional-la-transformacion-mental-de-21-dias-para-dominar-sus-e","status":"publish","type":"product","link":"https:\/\/buyxpress.com\/pe\/producto\/inteligencia-emocional-la-transformacion-mental-de-21-dias-para-dominar-sus-e\/","title":{"rendered":"Inteligencia Emocional: La transformaci\u00f3n mental de 21 d\u00edas para dominar sus e&#8230;"},"content":{"rendered":"<p>Inteligencia Emocional: La transformaci\u00f3n mental de 21 d\u00edas para dominar sus emociones, mejorar sus habilidades sociales y lograr mejores y m\u00e1s &#8230; Emocional Pr\u00e1ctica) (Spanish Edition)<\/p>\n","protected":false},"excerpt":{"rendered":"<p>Inteligencia Emocional: La transformaci\u00f3n mental de 21 d\u00edas para dominar sus emociones, mejorar sus habilidades sociales y lograr mejores y m\u00e1s &#8230; Emocional Pr\u00e1ctica) (Spanish Edition)<\/p>\n","protected":false},"featured_media":41252,"comment_status":"open","ping_status":"closed","template":"","meta":{"_acf_changed":false,"rank_math_lock_modified_date":false},"product_cat":[486],"product_tag":[],"acf":[],"_links":{"self":[{"href":"https:\/\/buyxpress.com\/pe\/wp-json\/wp\/v2\/product\/41251"}],"collection":[{"href":"https:\/\/buyxpress.com\/pe\/wp-json\/wp\/v2\/product"}],"about":[{"href":"https:\/\/buyxpress.com\/pe\/wp-json\/wp\/v2\/types\/product"}],"replies":[{"embeddable":true,"href":"https:\/\/buyxpress.com\/pe\/wp-json\/wp\/v2\/comments?post=41251"}],"wp:featuredmedia":[{"embeddable":true,"href":"https:\/\/buyxpress.com\/pe\/wp-json\/wp\/v2\/media\/41252"}],"wp:attachment":[{"href":"https:\/\/buyxpress.com\/pe\/wp-json\/wp\/v2\/media?parent=41251"}],"wp:term":[{"taxonomy":"product_cat","embeddable":true,"href":"https:\/\/buyxpress.com\/pe\/wp-json\/wp\/v2\/product_cat?post=41251"},{"taxonomy":"product_tag","embeddable":true,"href":"https:\/\/buyxpress.com\/pe\/wp-json\/wp\/v2\/product_tag?post=41251"}],"curies":[{"name":"wp","href":"https:\/\/api.w.org\/{rel}","templated":true}]}}