{"id":41253,"date":"2025-04-06T05:02:12","date_gmt":"2025-04-06T05:02:12","guid":{"rendered":"https:\/\/buyxpress.com\/pe\/producto\/piense-y-hagase-rico-nueva-traduccion-basada-en-la-version-original-1937\/"},"modified":"2025-05-05T00:51:52","modified_gmt":"2025-05-05T00:51:52","slug":"piense-y-hagase-rico-nueva-traduccion-basada-en-la-version-original-1937","status":"publish","type":"product","link":"https:\/\/buyxpress.com\/pe\/producto\/piense-y-hagase-rico-nueva-traduccion-basada-en-la-version-original-1937\/","title":{"rendered":"Piense y H\u00e1gase Rico.: Nueva Traducci\u00f3n, Basada En La Versi\u00f3n Original 1937. &#8230;"},"content":{"rendered":"<p>Piense y H\u00e1gase Rico.: Nueva Traducci\u00f3n, Basada En La Versi\u00f3n Original 1937. (Timeless Wisdom Collection) (Volume 56) (Spanish Edition)<\/p>\n","protected":false},"excerpt":{"rendered":"<p>Piense y H\u00e1gase Rico.: Nueva Traducci\u00f3n, Basada En La Versi\u00f3n Original 1937. (Timeless Wisdom Collection) (Volume 56) (Spanish Edition)<\/p>\n","protected":false},"featured_media":41254,"comment_status":"open","ping_status":"closed","template":"","meta":{"_acf_changed":false,"rank_math_lock_modified_date":false},"product_cat":[486],"product_tag":[],"acf":[],"_links":{"self":[{"href":"https:\/\/buyxpress.com\/pe\/wp-json\/wp\/v2\/product\/41253"}],"collection":[{"href":"https:\/\/buyxpress.com\/pe\/wp-json\/wp\/v2\/product"}],"about":[{"href":"https:\/\/buyxpress.com\/pe\/wp-json\/wp\/v2\/types\/product"}],"replies":[{"embeddable":true,"href":"https:\/\/buyxpress.com\/pe\/wp-json\/wp\/v2\/comments?post=41253"}],"wp:featuredmedia":[{"embeddable":true,"href":"https:\/\/buyxpress.com\/pe\/wp-json\/wp\/v2\/media\/41254"}],"wp:attachment":[{"href":"https:\/\/buyxpress.com\/pe\/wp-json\/wp\/v2\/media?parent=41253"}],"wp:term":[{"taxonomy":"product_cat","embeddable":true,"href":"https:\/\/buyxpress.com\/pe\/wp-json\/wp\/v2\/product_cat?post=41253"},{"taxonomy":"product_tag","embeddable":true,"href":"https:\/\/buyxpress.com\/pe\/wp-json\/wp\/v2\/product_tag?post=41253"}],"curies":[{"name":"wp","href":"https:\/\/api.w.org\/{rel}","templated":true}]}}