{"id":41255,"date":"2025-04-06T05:02:14","date_gmt":"2025-04-06T05:02:14","guid":{"rendered":"https:\/\/buyxpress.com\/pe\/producto\/quierete-y-mucho-30-dias-para-aumentar-tu-autoestima-como-superar-la-baj\/"},"modified":"2025-04-11T06:58:45","modified_gmt":"2025-04-11T06:58:45","slug":"quierete-y-mucho-30-dias-para-aumentar-tu-autoestima-como-superar-la-baj","status":"publish","type":"product","link":"https:\/\/buyxpress.com\/pe\/producto\/quierete-y-mucho-30-dias-para-aumentar-tu-autoestima-como-superar-la-baj\/","title":{"rendered":"Qui\u00e9rete \u00a1Y MUCHO!: 30 D\u00edas para aumentar tu autoestima. C\u00f3mo superar la baj&#8230;"},"content":{"rendered":"<p>Qui\u00e9rete \u00a1Y MUCHO!: 30 D\u00edas para aumentar tu autoestima. C\u00f3mo superar la baja autoestima, la ansiedad, el estr\u00e9s, la inseguridad y la duda en ti mismo (H\u00e1bitos Que Cambiar\u00e1n Tu Vida) (Spanish Edition)<\/p>\n","protected":false},"excerpt":{"rendered":"<p>Qui\u00e9rete \u00a1Y MUCHO!: 30 D\u00edas para aumentar tu autoestima. C\u00f3mo superar la baja autoestima, la ansiedad, el estr\u00e9s, la inseguridad y la duda en ti mismo (H\u00e1bitos Que Cambiar\u00e1n Tu<\/p>\n","protected":false},"featured_media":41256,"comment_status":"open","ping_status":"closed","template":"","meta":{"_acf_changed":false,"rank_math_lock_modified_date":false},"product_cat":[486],"product_tag":[],"acf":[],"_links":{"self":[{"href":"https:\/\/buyxpress.com\/pe\/wp-json\/wp\/v2\/product\/41255"}],"collection":[{"href":"https:\/\/buyxpress.com\/pe\/wp-json\/wp\/v2\/product"}],"about":[{"href":"https:\/\/buyxpress.com\/pe\/wp-json\/wp\/v2\/types\/product"}],"replies":[{"embeddable":true,"href":"https:\/\/buyxpress.com\/pe\/wp-json\/wp\/v2\/comments?post=41255"}],"wp:featuredmedia":[{"embeddable":true,"href":"https:\/\/buyxpress.com\/pe\/wp-json\/wp\/v2\/media\/41256"}],"wp:attachment":[{"href":"https:\/\/buyxpress.com\/pe\/wp-json\/wp\/v2\/media?parent=41255"}],"wp:term":[{"taxonomy":"product_cat","embeddable":true,"href":"https:\/\/buyxpress.com\/pe\/wp-json\/wp\/v2\/product_cat?post=41255"},{"taxonomy":"product_tag","embeddable":true,"href":"https:\/\/buyxpress.com\/pe\/wp-json\/wp\/v2\/product_tag?post=41255"}],"curies":[{"name":"wp","href":"https:\/\/api.w.org\/{rel}","templated":true}]}}