{"id":41261,"date":"2025-04-06T05:02:23","date_gmt":"2025-04-06T05:02:23","guid":{"rendered":"https:\/\/buyxpress.com\/pe\/producto\/vender-sin-peros-tratamiento-efectivo-de-objeciones-en-ventas-una-guia-prac\/"},"modified":"2025-05-01T18:23:38","modified_gmt":"2025-05-01T18:23:38","slug":"vender-sin-peros-tratamiento-efectivo-de-objeciones-en-ventas-una-guia-prac","status":"publish","type":"product","link":"https:\/\/buyxpress.com\/pe\/producto\/vender-sin-peros-tratamiento-efectivo-de-objeciones-en-ventas-una-guia-prac\/","title":{"rendered":"Vender sin peros &#8211; Tratamiento efectivo de objeciones en ventas: Una gu\u00eda pr\u00e1c&#8230;"},"content":{"rendered":"<p>Vender sin peros &#8211; Tratamiento efectivo de objeciones en ventas: Una gu\u00eda pr\u00e1ctica de ventas para directivos, empresarios y vendedores (Negocios Resumidos) (Spanish Edition)<\/p>\n","protected":false},"excerpt":{"rendered":"<p>Vender sin peros &#8211; Tratamiento efectivo de objeciones en ventas: Una gu\u00eda pr\u00e1ctica de ventas para directivos, empresarios y vendedores (Negocios Resumidos) (Spanish Edition)<\/p>\n","protected":false},"featured_media":41262,"comment_status":"open","ping_status":"closed","template":"","meta":{"_acf_changed":false,"rank_math_lock_modified_date":false},"product_cat":[486],"product_tag":[],"acf":[],"_links":{"self":[{"href":"https:\/\/buyxpress.com\/pe\/wp-json\/wp\/v2\/product\/41261"}],"collection":[{"href":"https:\/\/buyxpress.com\/pe\/wp-json\/wp\/v2\/product"}],"about":[{"href":"https:\/\/buyxpress.com\/pe\/wp-json\/wp\/v2\/types\/product"}],"replies":[{"embeddable":true,"href":"https:\/\/buyxpress.com\/pe\/wp-json\/wp\/v2\/comments?post=41261"}],"wp:featuredmedia":[{"embeddable":true,"href":"https:\/\/buyxpress.com\/pe\/wp-json\/wp\/v2\/media\/41262"}],"wp:attachment":[{"href":"https:\/\/buyxpress.com\/pe\/wp-json\/wp\/v2\/media?parent=41261"}],"wp:term":[{"taxonomy":"product_cat","embeddable":true,"href":"https:\/\/buyxpress.com\/pe\/wp-json\/wp\/v2\/product_cat?post=41261"},{"taxonomy":"product_tag","embeddable":true,"href":"https:\/\/buyxpress.com\/pe\/wp-json\/wp\/v2\/product_tag?post=41261"}],"curies":[{"name":"wp","href":"https:\/\/api.w.org\/{rel}","templated":true}]}}