{"id":42154,"date":"2025-06-04T05:01:16","date_gmt":"2025-06-04T05:01:16","guid":{"rendered":"https:\/\/buyxpress.com\/pe\/producto\/tu-plan-de-bienestar-sexual-como-potenciar-tu-sexualidad-a-nivel-fisico-ment\/"},"modified":"2025-06-06T00:32:34","modified_gmt":"2025-06-06T00:32:34","slug":"tu-plan-de-bienestar-sexual-como-potenciar-tu-sexualidad-a-nivel-fisico-ment","status":"publish","type":"product","link":"https:\/\/buyxpress.com\/pe\/producto\/tu-plan-de-bienestar-sexual-como-potenciar-tu-sexualidad-a-nivel-fisico-ment\/","title":{"rendered":"TU PLAN DE BIENESTAR SEXUAL: C\u00f3mo potenciar tu sexualidad a nivel f\u00edsico, ment&#8230;"},"content":{"rendered":"<p>TU PLAN DE BIENESTAR SEXUAL: C\u00f3mo potenciar tu sexualidad a nivel f\u00edsico, mental y espiritual de manera natural (Spanish Edition)<\/p>\n","protected":false},"excerpt":{"rendered":"<p>TU PLAN DE BIENESTAR SEXUAL: C\u00f3mo potenciar tu sexualidad a nivel f\u00edsico, mental y espiritual de manera natural (Spanish Edition)<\/p>\n","protected":false},"featured_media":42155,"comment_status":"open","ping_status":"closed","template":"","meta":{"_acf_changed":false,"rank_math_lock_modified_date":false},"product_cat":[15],"product_tag":[],"acf":[],"_links":{"self":[{"href":"https:\/\/buyxpress.com\/pe\/wp-json\/wp\/v2\/product\/42154"}],"collection":[{"href":"https:\/\/buyxpress.com\/pe\/wp-json\/wp\/v2\/product"}],"about":[{"href":"https:\/\/buyxpress.com\/pe\/wp-json\/wp\/v2\/types\/product"}],"replies":[{"embeddable":true,"href":"https:\/\/buyxpress.com\/pe\/wp-json\/wp\/v2\/comments?post=42154"}],"wp:featuredmedia":[{"embeddable":true,"href":"https:\/\/buyxpress.com\/pe\/wp-json\/wp\/v2\/media\/42155"}],"wp:attachment":[{"href":"https:\/\/buyxpress.com\/pe\/wp-json\/wp\/v2\/media?parent=42154"}],"wp:term":[{"taxonomy":"product_cat","embeddable":true,"href":"https:\/\/buyxpress.com\/pe\/wp-json\/wp\/v2\/product_cat?post=42154"},{"taxonomy":"product_tag","embeddable":true,"href":"https:\/\/buyxpress.com\/pe\/wp-json\/wp\/v2\/product_tag?post=42154"}],"curies":[{"name":"wp","href":"https:\/\/api.w.org\/{rel}","templated":true}]}}